{"id":37143,"date":"2025-02-12T07:49:15","date_gmt":"2025-02-12T06:49:15","guid":{"rendered":"https:\/\/www.swissfoodecosystems.ch\/?page_id=37143"},"modified":"2025-02-12T07:51:21","modified_gmt":"2025-02-12T06:51:21","slug":"a-propos-15","status":"publish","type":"page","link":"https:\/\/www.swissfoodecosystems.ch\/fr\/a-propos-15\/","title":{"rendered":"\u00c0 propos"},"content":{"rendered":"\t\t<div data-elementor-type=\"wp-page\" data-elementor-id=\"37143\" class=\"elementor elementor-37143 elementor-37142\" data-elementor-post-type=\"page\">\n\t\t\t\t\t\t<section class=\"elementor-section elementor-top-section elementor-element elementor-element-f01ae94 elementor-section-boxed elementor-section-height-default elementor-section-height-default\" data-id=\"f01ae94\" data-element_type=\"section\" data-settings=\"{&quot;background_background&quot;:&quot;classic&quot;}\">\n\t\t\t\t\t\t\t<div class=\"elementor-background-overlay\"><\/div>\n\t\t\t\t\t\t\t<div class=\"elementor-container elementor-column-gap-default\">\n\t\t\t\t\t<div class=\"elementor-column elementor-col-100 elementor-top-column elementor-element elementor-element-d85f57c\" data-id=\"d85f57c\" data-element_type=\"column\">\n\t\t\t<div class=\"elementor-widget-wrap elementor-element-populated\">\n\t\t\t\t\t\t<div class=\"elementor-element elementor-element-01f40a0 elementor-widget elementor-widget-heading\" data-id=\"01f40a0\" data-element_type=\"widget\" data-widget_type=\"heading.default\">\n\t\t\t\t<div class=\"elementor-widget-container\">\n\t\t\t\t\t<h2 class=\"elementor-heading-title elementor-size-default\"><br>Tracer la voie vers l'H2 - mise \u00e0 l'\u00e9chelle de la production microbienne d'hydrog\u00e8ne \u00e0 partir de lactos\u00e9rum<\/h2>\t\t\t\t<\/div>\n\t\t\t\t<\/div>\n\t\t\t\t\t<\/div>\n\t\t<\/div>\n\t\t\t\t\t<\/div>\n\t\t<\/section>\n\t\t\t\t<section class=\"elementor-section elementor-top-section elementor-element elementor-element-33fb69b elementor-section-boxed elementor-section-height-default elementor-section-height-default\" data-id=\"33fb69b\" data-element_type=\"section\">\n\t\t\t\t\t\t<div class=\"elementor-container elementor-column-gap-default\">\n\t\t\t\t\t<div class=\"elementor-column elementor-col-100 elementor-top-column elementor-element elementor-element-1340e4c\" data-id=\"1340e4c\" data-element_type=\"column\">\n\t\t\t<div class=\"elementor-widget-wrap elementor-element-populated\">\n\t\t\t\t\t\t<div class=\"elementor-element elementor-element-3382491 elementor-widget elementor-widget-text-editor\" data-id=\"3382491\" data-element_type=\"widget\" data-widget_type=\"text-editor.default\">\n\t\t\t\t<div class=\"elementor-widget-container\">\n\t\t\t\t\t\t\t\t\t<p>par Thomas Rime<\/p>\t\t\t\t\t\t\t\t<\/div>\n\t\t\t\t<\/div>\n\t\t\t\t\t<\/div>\n\t\t<\/div>\n\t\t\t\t\t<\/div>\n\t\t<\/section>\n\t\t\t\t<section class=\"elementor-section elementor-top-section elementor-element elementor-element-ddf5f71 elementor-section-boxed elementor-section-height-default elementor-section-height-default\" data-id=\"ddf5f71\" data-element_type=\"section\">\n\t\t\t\t\t\t<div class=\"elementor-container elementor-column-gap-default\">\n\t\t\t\t\t<div class=\"elementor-column elementor-col-100 elementor-top-column elementor-element elementor-element-72ce5ba\" data-id=\"72ce5ba\" data-element_type=\"column\">\n\t\t\t<div class=\"elementor-widget-wrap\">\n\t\t\t\t\t\t\t<\/div>\n\t\t<\/div>\n\t\t\t\t\t<\/div>\n\t\t<\/section>\n\t\t\t\t<section class=\"elementor-section elementor-top-section elementor-element elementor-element-cd05887 elementor-section-boxed elementor-section-height-default elementor-section-height-default\" data-id=\"cd05887\" data-element_type=\"section\">\n\t\t\t\t\t\t<div class=\"elementor-container elementor-column-gap-default\">\n\t\t\t\t\t<div class=\"elementor-column elementor-col-100 elementor-top-column elementor-element elementor-element-71d6669\" data-id=\"71d6669\" data-element_type=\"column\">\n\t\t\t<div class=\"elementor-widget-wrap elementor-element-populated\">\n\t\t\t\t\t\t<div class=\"elementor-element elementor-element-6a7c660 elementor-widget elementor-widget-text-editor\" data-id=\"6a7c660\" data-element_type=\"widget\" data-widget_type=\"text-editor.default\">\n\t\t\t\t<div class=\"elementor-widget-container\">\n\t\t\t\t\t\t\t\t\t<p>Au sein de la Suisse Agro Food Leading House, le Cluster Food &amp; Nutrition et Swiss Food Research unissent leurs r\u00e9seaux et leurs outils d\u2019innovation pour promouvoir et g\u00e9rer les \u00e9cosyst\u00e8mes alimentaires suisses Innosuisse powered Innovation Booster.<\/p>\t\t\t\t\t\t\t\t<\/div>\n\t\t\t\t<\/div>\n\t\t\t\t<div class=\"elementor-element elementor-element-0de04c6 elementor-widget elementor-widget-image\" data-id=\"0de04c6\" data-element_type=\"widget\" data-widget_type=\"image.default\">\n\t\t\t\t<div class=\"elementor-widget-container\">\n\t\t\t\t\t\t\t\t\t\t\t\t\t\t\t<img fetchpriority=\"high\" decoding=\"async\" width=\"800\" height=\"452\" src=\"https:\/\/www.swissfoodecosystems.ch\/wp-content\/uploads\/2024\/12\/Capture-decran-2024-12-20-a-15.53.34-1024x579.png\" class=\"attachment-large size-large wp-image-37146\" alt=\"\" srcset=\"https:\/\/www.swissfoodecosystems.ch\/wp-content\/uploads\/2024\/12\/Capture-decran-2024-12-20-a-15.53.34-1024x579.png 1024w, https:\/\/www.swissfoodecosystems.ch\/wp-content\/uploads\/2024\/12\/Capture-decran-2024-12-20-a-15.53.34-300x170.png 300w, https:\/\/www.swissfoodecosystems.ch\/wp-content\/uploads\/2024\/12\/Capture-decran-2024-12-20-a-15.53.34-768x435.png 768w, https:\/\/www.swissfoodecosystems.ch\/wp-content\/uploads\/2024\/12\/Capture-decran-2024-12-20-a-15.53.34-1536x869.png 1536w, https:\/\/www.swissfoodecosystems.ch\/wp-content\/uploads\/2024\/12\/Capture-decran-2024-12-20-a-15.53.34.png 1566w\" sizes=\"(max-width: 800px) 100vw, 800px\" \/>\t\t\t\t\t\t\t\t\t\t\t\t\t\t\t<\/div>\n\t\t\t\t<\/div>\n\t\t\t\t\t<\/div>\n\t\t<\/div>\n\t\t\t\t\t<\/div>\n\t\t<\/section>\n\t\t\t\t<section class=\"elementor-section elementor-top-section elementor-element elementor-element-764665c elementor-section-boxed elementor-section-height-default elementor-section-height-default\" data-id=\"764665c\" data-element_type=\"section\">\n\t\t\t\t\t\t<div class=\"elementor-container elementor-column-gap-default\">\n\t\t\t\t\t<div class=\"elementor-column elementor-col-100 elementor-top-column elementor-element elementor-element-e5f8267\" data-id=\"e5f8267\" data-element_type=\"column\">\n\t\t\t<div class=\"elementor-widget-wrap elementor-element-populated\">\n\t\t\t\t\t\t<div class=\"elementor-element elementor-element-d38aeff elementor-widget elementor-widget-spacer\" data-id=\"d38aeff\" data-element_type=\"widget\" data-widget_type=\"spacer.default\">\n\t\t\t\t<div class=\"elementor-widget-container\">\n\t\t\t\t\t\t\t<div class=\"elementor-spacer\">\n\t\t\t<div class=\"elementor-spacer-inner\"><\/div>\n\t\t<\/div>\n\t\t\t\t\t\t<\/div>\n\t\t\t\t<\/div>\n\t\t\t\t\t<\/div>\n\t\t<\/div>\n\t\t\t\t\t<\/div>\n\t\t<\/section>\n\t\t\t\t<section class=\"elementor-section elementor-top-section elementor-element elementor-element-715143d elementor-section-boxed elementor-section-height-default elementor-section-height-default\" data-id=\"715143d\" data-element_type=\"section\" data-settings=\"{&quot;background_background&quot;:&quot;classic&quot;}\">\n\t\t\t\t\t\t<div class=\"elementor-container elementor-column-gap-default\">\n\t\t\t\t\t<div class=\"elementor-column elementor-col-50 elementor-top-column elementor-element elementor-element-6700a98\" data-id=\"6700a98\" data-element_type=\"column\">\n\t\t\t<div class=\"elementor-widget-wrap elementor-element-populated\">\n\t\t\t\t\t\t<div class=\"elementor-element elementor-element-66b2761 elementor-widget elementor-widget-text-editor\" data-id=\"66b2761\" data-element_type=\"widget\" data-widget_type=\"text-editor.default\">\n\t\t\t\t<div class=\"elementor-widget-container\">\n\t\t\t\t\t\t\t\t\t<p data-start=\"0\" data-end=\"54\"><strong data-start=\"0\" data-end=\"52\">Pourquoi pensez-vous que votre id\u00e9e est unique ?\u00a0<\/strong><\/p><p data-start=\"56\" data-end=\"513\">L\u2019id\u00e9e est unique \u00e0 plusieurs \u00e9gards : tout d\u2019abord, elle vise \u00e0 d\u00e9velopper les processus industriels de production d\u2019hydrog\u00e8ne (H2) en valorisant le lactos\u00e9rum, un sous-produit d\u2019un des aliments les plus traditionnels et embl\u00e9matiques de la Suisse. \u00c0 cet \u00e9gard, l&rsquo;id\u00e9e propos\u00e9e ici combine des m\u00e9thodes connues (fabrication traditionnelle du fromage + production microbienne d\u2019H2 + bioproc\u00e9d\u00e9s industriels) pour d\u00e9velopper un nouveau secteur \u00e9nerg\u00e9tique.<\/p><p data-start=\"515\" data-end=\"1114\">Cela ne se limite pas seulement \u00e0 la r\u00e9duction de l\u2019impact environnemental (baisse de l\u2019empreinte carbone), mais contribue \u00e9galement \u00e0 accro\u00eetre notre autonomie \u00e9nerg\u00e9tique. De plus, cette technologie pourrait g\u00e9n\u00e9rer des revenus suppl\u00e9mentaires pour les producteurs laitiers, qui pourraient vendre de l\u2019hydrog\u00e8ne aux automobilistes ou pour d\u2019autres usages. Alternativement, les agriculteurs pourraient utiliser cette nouvelle source d\u2019\u00e9nergie pour alimenter leurs propres \u00e9quipements et machines, mettant ainsi en \u0153uvre concr\u00e8tement les principes de l\u2019\u00e9conomie circulaire sur leurs exploitations.<\/p><p data-start=\"1116\" data-end=\"1155\"><strong data-start=\"1116\" data-end=\"1153\">Quel segment\/march\u00e9 ciblez-vous ?<\/strong><\/p><ul data-start=\"1157\" data-end=\"1975\"><li data-start=\"1157\" data-end=\"1299\">Producteurs laitiers et industrie laiti\u00e8re : en tant que fournisseurs de mati\u00e8re premi\u00e8re, g\u00e9n\u00e9rant ainsi de nouvelles sources de revenus.<\/li><li data-start=\"1300\" data-end=\"1428\">Producteurs laitiers et industrie laiti\u00e8re : en tant que consommateurs finaux utilisant l\u2019\u00e9nergie contenue dans l\u2019hydrog\u00e8ne.<\/li><li data-start=\"1429\" data-end=\"1530\">Revendeurs de carburant (ex. Agrola) : en tant qu\u2019acteurs de la logistique et de la distribution.<\/li><li data-start=\"1531\" data-end=\"1633\">Fournisseurs d\u2019\u00e9nergie (ex. Groupe E) : en tant qu\u2019acteurs de la logistique et de la distribution.<\/li><li data-start=\"1634\" data-end=\"1789\">Industries agroalimentaires ou autres utilisant l\u2019hydrog\u00e8ne comme source d\u2019\u00e9nergie ou dans des proc\u00e9d\u00e9s industriels (ex. pour des r\u00e9actions chimiques).<\/li><li data-start=\"1790\" data-end=\"1975\">Consommateurs finaux : citoyens utilisant des v\u00e9hicules \u00e0 hydrog\u00e8ne, les transports publics, ou b\u00e9n\u00e9ficiant de cette \u00e9nergie pour chauffer leur logement ou alimenter leur \u00e9clairage.<\/li><\/ul><p data-start=\"1977\" data-end=\"2022\"><strong data-start=\"1977\" data-end=\"2020\">Quel type de recherche est n\u00e9cessaire ?<\/strong><\/p><ol data-start=\"2024\" data-end=\"2798\"><li data-start=\"2024\" data-end=\"2415\"><p data-start=\"2027\" data-end=\"2415\">Identification des micro-organismes producteurs d\u2019H2 et des complexes enzymatiques impliqu\u00e9s dans la production d\u2019H2 : La recherche pourrait \u00eatre orient\u00e9e vers l\u2019utilisation de micro-organismes g\u00e9n\u00e9tiquement modifi\u00e9s. La technologie CRISPR\/Cas est d\u00e9j\u00e0 disponible et pourrait \u00eatre utilis\u00e9e pour modifier le g\u00e9nome de certaines bact\u00e9ries prometteuses en termes de production d\u2019hydrog\u00e8ne.<\/p><\/li><li data-start=\"2417\" data-end=\"2684\"><p data-start=\"2420\" data-end=\"2684\">Caract\u00e9risation des infrastructures, \u00e9quipements et param\u00e8tres critiques du processus afin de maximiser la production d\u2019H2 \u00e0 partir du lactos\u00e9rum. L\u2019objectif serait d\u2019ouvrir la voie \u00e0 un proc\u00e9d\u00e9 industriel viable de production d\u2019hydrog\u00e8ne bas\u00e9 sur le lactos\u00e9rum.<\/p><\/li><li data-start=\"2686\" data-end=\"2798\"><p data-start=\"2689\" data-end=\"2798\">Optimisation de la culture microbienne gr\u00e2ce \u00e0 un ajustement pr\u00e9cis de la composition du milieu de culture.<\/p><\/li><\/ol><p data-start=\"2800\" data-end=\"2905\"><strong data-start=\"2800\" data-end=\"2903\">Quelles comp\u00e9tences suppl\u00e9mentaires sont n\u00e9cessaires pour faire avancer et concr\u00e9tiser votre id\u00e9e ?<\/strong><\/p><ol data-start=\"2907\" data-end=\"3280\"><li data-start=\"2907\" data-end=\"3002\">Experts en biotechnologie : du d\u00e9veloppement cellulaire \u00e0 la caract\u00e9risation des proc\u00e9d\u00e9s.<\/li><li data-start=\"3003\" data-end=\"3092\">Experts en \u00e9nergie, en particulier dans le stockage et l&rsquo;utilisation de l\u2019hydrog\u00e8ne.<\/li><li data-start=\"3093\" data-end=\"3177\">Agriculteurs et fromageries pr\u00eats \u00e0 exp\u00e9rimenter la valorisation du lactos\u00e9rum.<\/li><li data-start=\"3178\" data-end=\"3280\">Sp\u00e9cialistes en logistique : transport, stockage et distribution du lactos\u00e9rum et de l\u2019hydrog\u00e8ne.<\/li><\/ol><p data-start=\"3282\" data-end=\"3389\"><strong data-start=\"3282\" data-end=\"3387\">Quel pourrait \u00eatre l\u2019impact de votre id\u00e9e sur la durabilit\u00e9 (\u00e9conomique, sociale, environnementale) ?<\/strong><\/p><p data-start=\"3391\" data-end=\"3490\">Cette id\u00e9e devrait avoir des impacts positifs dans les trois dimensions du d\u00e9veloppement durable.<\/p><ul data-start=\"3492\" data-end=\"4647\"><li data-start=\"3492\" data-end=\"3741\">\u00c9conomique : Le lactos\u00e9rum, valoris\u00e9 sous forme d\u2019hydrog\u00e8ne, ne serait plus consid\u00e9r\u00e9 comme un co\u00fbt dans la production fromag\u00e8re, mais deviendrait une nouvelle source de revenus. De plus, sa valorisation diversifie l\u2019offre \u00e9nerg\u00e9tique en Suisse.<\/li><li data-start=\"3742\" data-end=\"4229\">Social : Cette initiative contribue \u00e0 la d\u00e9carbonation de notre soci\u00e9t\u00e9 en proposant une nouvelle source d\u2019\u00e9nergie non fossile. Elle promeut \u00e9galement une agriculture innovante et durable, tout en restant ancr\u00e9e dans les traditions. La fili\u00e8re laiti\u00e8re est l\u2019un des secteurs les plus \u00e9metteurs de gaz \u00e0 effet de serre (GES). En valorisant le lactos\u00e9rum sous forme d\u2019H2, les acteurs de la fili\u00e8re laiti\u00e8re am\u00e9lioreront leur image en contribuant activement \u00e0 la transition \u00e9nerg\u00e9tique.<\/li><li data-start=\"4230\" data-end=\"4647\">Environnemental : La valorisation du lactos\u00e9rum ne r\u00e9duit pas seulement les impacts n\u00e9gatifs directs de son \u00e9limination (pollution des eaux, acidification des sols), mais permet \u00e9galement de produire de l\u2019hydrog\u00e8ne vert. Cet H2 pourrait ensuite \u00eatre stock\u00e9 et distribu\u00e9 dans les stations-service pour \u00eatre utilis\u00e9 dans les v\u00e9hicules \u00e0 hydrog\u00e8ne ou servir \u00e0 la production d\u2019\u00e9lectricit\u00e9 pour les besoins quotidiens.<\/li><\/ul><p data-start=\"4649\" data-end=\"4730\"><strong data-start=\"4649\" data-end=\"4728\">Quels Objectifs de D\u00e9veloppement Durable (ODD) sont concern\u00e9s et pourquoi ?<\/strong><\/p><p data-start=\"4732\" data-end=\"4994\">L\u2019ODD 7 (\u00e9nergie propre et abordable) est la priorit\u00e9 principale de cette id\u00e9e. Elle vise \u00e0 g\u00e9n\u00e9rer des sources d\u2019\u00e9nergie alternatives, qui pourraient \u00eatre vendues aux distributeurs de carburant ou utilis\u00e9es directement par les agriculteurs et fromageries.<\/p><p data-start=\"4996\" data-end=\"5031\">D\u2019autres ODD concern\u00e9s incluent :<\/p><ul data-start=\"5032\" data-end=\"5573\" data-is-last-node=\"\"><li data-start=\"5032\" data-end=\"5202\">ODD 9 (Industrie, innovation et infrastructure) : la production d\u2019H2 \u00e0 partir du lactos\u00e9rum n\u00e9cessitera des infrastructures et des proc\u00e9d\u00e9s industriels innovants.<\/li><li data-start=\"5203\" data-end=\"5375\">ODD 12 (Consommation et production responsables) : cette id\u00e9e encourage la valorisation d\u2019un sous-produit de l\u2019industrie alimentaire, r\u00e9duisant ainsi le gaspillage.<\/li><li data-start=\"5376\" data-end=\"5573\" data-is-last-node=\"\">ODD 13 (Lutte contre le changement climatique) : en d\u00e9veloppant une source d\u2019\u00e9nergie d\u00e9carbon\u00e9e, cette initiative contribue \u00e0 la r\u00e9duction des \u00e9missions de GES et \u00e0 la transition \u00e9nerg\u00e9tique.<\/li><\/ul>\t\t\t\t\t\t\t\t<\/div>\n\t\t\t\t<\/div>\n\t\t\t\t\t<\/div>\n\t\t<\/div>\n\t\t\t\t<div class=\"elementor-column elementor-col-50 elementor-top-column elementor-element elementor-element-470654a\" data-id=\"470654a\" data-element_type=\"column\">\n\t\t\t<div class=\"elementor-widget-wrap\">\n\t\t\t\t\t\t\t<\/div>\n\t\t<\/div>\n\t\t\t\t\t<\/div>\n\t\t<\/section>\n\t\t\t\t<\/div>\n\t\t","protected":false},"excerpt":{"rendered":"<p>Tracer la voie vers l&rsquo;H2 &#8211; mise \u00e0 l&rsquo;\u00e9chelle de la production microbienne d&rsquo;hydrog\u00e8ne \u00e0 partir de lactos\u00e9rum par Thomas Rime Au sein de la Suisse Agro Food Leading House, le Cluster Food &amp; Nutrition et Swiss Food Research unissent leurs r\u00e9seaux et leurs outils d\u2019innovation pour promouvoir et g\u00e9rer les \u00e9cosyst\u00e8mes alimentaires suisses Innosuisse powered Innovation Booster. Pourquoi pensez-vous que votre id\u00e9e est unique ?\u00a0 L\u2019id\u00e9e est unique \u00e0 plusieurs \u00e9gards : tout d\u2019abord, elle vise \u00e0 d\u00e9velopper les processus industriels de production d\u2019hydrog\u00e8ne (H2) en valorisant le lactos\u00e9rum, un sous-produit d\u2019un des aliments les plus traditionnels et embl\u00e9matiques de la Suisse. \u00c0 cet \u00e9gard, l&rsquo;id\u00e9e propos\u00e9e ici combine des m\u00e9thodes connues (fabrication traditionnelle du fromage + production microbienne d\u2019H2 + bioproc\u00e9d\u00e9s industriels) pour d\u00e9velopper un nouveau secteur \u00e9nerg\u00e9tique. Cela ne se limite pas seulement \u00e0 la r\u00e9duction de l\u2019impact environnemental (baisse de l\u2019empreinte carbone), mais contribue \u00e9galement \u00e0&hellip;<\/p>\n<p> <a class=\"more-link\" href=\"https:\/\/www.swissfoodecosystems.ch\/fr\/a-propos-15\/\">Read more<\/a><\/p>\n","protected":false},"author":11,"featured_media":32178,"parent":0,"menu_order":0,"comment_status":"closed","ping_status":"closed","template":"","meta":{"footnotes":""},"class_list":["post-37143","page","type-page","status-publish","has-post-thumbnail"],"_links":{"self":[{"href":"https:\/\/www.swissfoodecosystems.ch\/fr\/wp-json\/wp\/v2\/pages\/37143","targetHints":{"allow":["GET"]}}],"collection":[{"href":"https:\/\/www.swissfoodecosystems.ch\/fr\/wp-json\/wp\/v2\/pages"}],"about":[{"href":"https:\/\/www.swissfoodecosystems.ch\/fr\/wp-json\/wp\/v2\/types\/page"}],"author":[{"embeddable":true,"href":"https:\/\/www.swissfoodecosystems.ch\/fr\/wp-json\/wp\/v2\/users\/11"}],"replies":[{"embeddable":true,"href":"https:\/\/www.swissfoodecosystems.ch\/fr\/wp-json\/wp\/v2\/comments?post=37143"}],"version-history":[{"count":4,"href":"https:\/\/www.swissfoodecosystems.ch\/fr\/wp-json\/wp\/v2\/pages\/37143\/revisions"}],"predecessor-version":[{"id":37632,"href":"https:\/\/www.swissfoodecosystems.ch\/fr\/wp-json\/wp\/v2\/pages\/37143\/revisions\/37632"}],"wp:featuredmedia":[{"embeddable":true,"href":"https:\/\/www.swissfoodecosystems.ch\/fr\/wp-json\/wp\/v2\/media\/32178"}],"wp:attachment":[{"href":"https:\/\/www.swissfoodecosystems.ch\/fr\/wp-json\/wp\/v2\/media?parent=37143"}],"curies":[{"name":"wp","href":"https:\/\/api.w.org\/{rel}","templated":true}]}}