{"id":37163,"date":"2025-02-11T13:49:49","date_gmt":"2025-02-11T12:49:49","guid":{"rendered":"https:\/\/www.swissfoodecosystems.ch\/?page_id=37163"},"modified":"2025-02-11T14:01:05","modified_gmt":"2025-02-11T13:01:05","slug":"a-propos-5","status":"publish","type":"page","link":"https:\/\/www.swissfoodecosystems.ch\/fr\/a-propos-5\/","title":{"rendered":"\u00c0 propos"},"content":{"rendered":"\t\t<div data-elementor-type=\"wp-page\" data-elementor-id=\"37163\" class=\"elementor elementor-37163 elementor-37162\" data-elementor-post-type=\"page\">\n\t\t\t\t\t\t<section class=\"elementor-section elementor-top-section elementor-element elementor-element-f01ae94 elementor-section-boxed elementor-section-height-default elementor-section-height-default\" data-id=\"f01ae94\" data-element_type=\"section\" data-settings=\"{&quot;background_background&quot;:&quot;classic&quot;}\">\n\t\t\t\t\t\t\t<div class=\"elementor-background-overlay\"><\/div>\n\t\t\t\t\t\t\t<div class=\"elementor-container elementor-column-gap-default\">\n\t\t\t\t\t<div class=\"elementor-column elementor-col-100 elementor-top-column elementor-element elementor-element-d85f57c\" data-id=\"d85f57c\" data-element_type=\"column\">\n\t\t\t<div class=\"elementor-widget-wrap elementor-element-populated\">\n\t\t\t\t\t\t<div class=\"elementor-element elementor-element-01f40a0 elementor-widget elementor-widget-heading\" data-id=\"01f40a0\" data-element_type=\"widget\" data-widget_type=\"heading.default\">\n\t\t\t\t<div class=\"elementor-widget-container\">\n\t\t\t\t\t<h2 class=\"elementor-heading-title elementor-size-default\"><br>Exploiter le pouvoir des champignons pour la r\u00e9volution verte de la prochaine g\u00e9n\u00e9ration<\/h2>\t\t\t\t<\/div>\n\t\t\t\t<\/div>\n\t\t\t\t\t<\/div>\n\t\t<\/div>\n\t\t\t\t\t<\/div>\n\t\t<\/section>\n\t\t\t\t<section class=\"elementor-section elementor-top-section elementor-element elementor-element-01f39c6 elementor-section-boxed elementor-section-height-default elementor-section-height-default\" data-id=\"01f39c6\" data-element_type=\"section\">\n\t\t\t\t\t\t<div class=\"elementor-container elementor-column-gap-default\">\n\t\t\t\t\t<div class=\"elementor-column elementor-col-100 elementor-top-column elementor-element elementor-element-94284f8\" data-id=\"94284f8\" data-element_type=\"column\">\n\t\t\t<div class=\"elementor-widget-wrap\">\n\t\t\t\t\t\t\t<\/div>\n\t\t<\/div>\n\t\t\t\t\t<\/div>\n\t\t<\/section>\n\t\t\t\t<section class=\"elementor-section elementor-top-section elementor-element elementor-element-cd05887 elementor-section-boxed elementor-section-height-default elementor-section-height-default\" data-id=\"cd05887\" data-element_type=\"section\">\n\t\t\t\t\t\t<div class=\"elementor-container elementor-column-gap-default\">\n\t\t\t\t\t<div class=\"elementor-column elementor-col-100 elementor-top-column elementor-element elementor-element-71d6669\" data-id=\"71d6669\" data-element_type=\"column\">\n\t\t\t<div class=\"elementor-widget-wrap elementor-element-populated\">\n\t\t\t\t\t\t<div class=\"elementor-element elementor-element-5d0efa0 elementor-widget elementor-widget-text-editor\" data-id=\"5d0efa0\" data-element_type=\"widget\" data-widget_type=\"text-editor.default\">\n\t\t\t\t<div class=\"elementor-widget-container\">\n\t\t\t\t\t\t\t\t\t<p>par Richard Splivallo<\/p>\t\t\t\t\t\t\t\t<\/div>\n\t\t\t\t<\/div>\n\t\t\t\t<div class=\"elementor-element elementor-element-3f5769c elementor-widget elementor-widget-image\" data-id=\"3f5769c\" data-element_type=\"widget\" data-widget_type=\"image.default\">\n\t\t\t\t<div class=\"elementor-widget-container\">\n\t\t\t\t\t\t\t\t\t\t\t\t\t\t\t<img fetchpriority=\"high\" decoding=\"async\" width=\"768\" height=\"430\" src=\"https:\/\/www.swissfoodecosystems.ch\/wp-content\/uploads\/2024\/12\/Capture-decran-2024-12-30-a-09.49.00-768x430.png\" class=\"attachment-medium_large size-medium_large wp-image-37167\" alt=\"\" srcset=\"https:\/\/www.swissfoodecosystems.ch\/wp-content\/uploads\/2024\/12\/Capture-decran-2024-12-30-a-09.49.00-768x430.png 768w, https:\/\/www.swissfoodecosystems.ch\/wp-content\/uploads\/2024\/12\/Capture-decran-2024-12-30-a-09.49.00-300x168.png 300w, https:\/\/www.swissfoodecosystems.ch\/wp-content\/uploads\/2024\/12\/Capture-decran-2024-12-30-a-09.49.00-1024x573.png 1024w, https:\/\/www.swissfoodecosystems.ch\/wp-content\/uploads\/2024\/12\/Capture-decran-2024-12-30-a-09.49.00-1536x860.png 1536w, https:\/\/www.swissfoodecosystems.ch\/wp-content\/uploads\/2024\/12\/Capture-decran-2024-12-30-a-09.49.00.png 1550w\" sizes=\"(max-width: 768px) 100vw, 768px\" \/>\t\t\t\t\t\t\t\t\t\t\t\t\t\t\t<\/div>\n\t\t\t\t<\/div>\n\t\t\t\t<div class=\"elementor-element elementor-element-3382491 elementor-widget elementor-widget-text-editor\" data-id=\"3382491\" data-element_type=\"widget\" data-widget_type=\"text-editor.default\">\n\t\t\t\t<div class=\"elementor-widget-container\">\n\t\t\t\t\t\t\t\t\t<p data-start=\"47\" data-end=\"454\">Notre objectif est de fournir une alternative \u00e0 la viande \u00e0 base de champignons, plus \u00e9cologique et plus saine que les alternatives actuelles \u00e0 base de plantes. Cela sera r\u00e9alis\u00e9 en cultivant du myc\u00e9lium, la \u00ab racine des champignons \u00bb, et en transformant cette biomasse fongique en substituts de viande comestibles. Les avantages d\u2019une telle approche sont bri\u00e8vement expos\u00e9s dans les paragraphes suivants.<\/p><p data-start=\"456\" data-end=\"1171\">Le secteur mondial de la viande traverse actuellement une perturbation sans pr\u00e9c\u00e9dent, principalement due \u00e0 l\u2019essor des alternatives \u00e0 base de plantes. Ce mouvement est largement adopt\u00e9 par les flexitariens, des consommateurs qui, contrairement aux v\u00e9g\u00e9taliens et v\u00e9g\u00e9tariens, continuent de consommer de la viande, mais souhaitent en r\u00e9duire leur consommation pour des raisons \u00e9thiques. Cependant, les alternatives v\u00e9g\u00e9tales \u00e0 la viande pr\u00e9sentent plusieurs limitations : certaines n\u00e9cessitent une liste complexe d\u2019ingr\u00e9dients pour masquer des saveurs am\u00e8res, d\u2019autres contiennent du gluten, beaucoup sont hautement transform\u00e9es, et elles peuvent contenir des herbicides et des pesticides utilis\u00e9s en agriculture.<\/p><p data-start=\"1173\" data-end=\"1984\" data-is-last-node=\"\">Les champignons, un groupe d\u2019organismes comprenant les levures, les moisissures et les champignons comestibles, offrent des solutions sup\u00e9rieures aux alternatives \u00e0 base de plantes. En effet, contrairement aux prot\u00e9ines v\u00e9g\u00e9tales qui n\u00e9cessitent un niveau de transformation \u00e9lev\u00e9 pour acqu\u00e9rir une texture similaire \u00e0 la viande, les champignons sont naturellement riches en umami et poss\u00e8dent une texture proche de celle de la viande. De plus, ils ne contiennent pas de saveurs am\u00e8res n\u00e9cessitant l\u2019ajout d\u2019ingr\u00e9dients complexes pour les masquer. Enfin, la biomasse fongique peut \u00eatre efficacement cultiv\u00e9e sur des sous-produits agricoles, contribuant ainsi \u00e0 une \u00e9conomie circulaire. Cela d\u00e9montre clairement les avantages de l\u2019utilisation des champignons par rapport aux plantes pour les substituts de viande.<\/p>\t\t\t\t\t\t\t\t<\/div>\n\t\t\t\t<\/div>\n\t\t\t\t\t<\/div>\n\t\t<\/div>\n\t\t\t\t\t<\/div>\n\t\t<\/section>\n\t\t\t\t<section class=\"elementor-section elementor-top-section elementor-element elementor-element-5524c38 elementor-section-boxed elementor-section-height-default elementor-section-height-default\" data-id=\"5524c38\" data-element_type=\"section\">\n\t\t\t\t\t\t\t<div class=\"elementor-background-overlay\"><\/div>\n\t\t\t\t\t\t\t<div class=\"elementor-container elementor-column-gap-default\">\n\t\t\t\t\t<div class=\"elementor-column elementor-col-100 elementor-top-column elementor-element elementor-element-9bc6571\" data-id=\"9bc6571\" data-element_type=\"column\">\n\t\t\t<div class=\"elementor-widget-wrap elementor-element-populated\">\n\t\t\t\t\t\t<div class=\"elementor-element elementor-element-1b7cf3e elementor-widget elementor-widget-text-editor\" data-id=\"1b7cf3e\" data-element_type=\"widget\" data-widget_type=\"text-editor.default\">\n\t\t\t\t<div class=\"elementor-widget-container\">\n\t\t\t\t\t\t\t\t\t<p data-start=\"0\" data-end=\"1223\"><strong data-start=\"0\" data-end=\"52\">Pourquoi pensez-vous que votre id\u00e9e est unique ?<\/strong><br data-start=\"52\" data-end=\"55\" \/>L\u2019id\u00e9e d\u2019utiliser des champignons comme alternative \u00e0 la viande n\u2019est pas totalement nouvelle en soi, m\u00eame si, \u00e0 notre connaissance, un tel produit n\u2019a pas encore \u00e9t\u00e9 d\u00e9velopp\u00e9 par une entreprise suisse (et nous travaillons sur cela avec la startup Nectariss). Des entreprises \u00e9trang\u00e8res bas\u00e9es aux \u00c9tats-Unis, comme Prime Roots ou Meati Foods, proposent d\u00e9j\u00e0 des alternatives \u00e0 la viande \u00e0 base de champignons. Cependant, ces entreprises utilisent des ingr\u00e9dients produits en masse pour cultiver leurs champignons, et c\u2019est l\u00e0 que nous voulons nous diff\u00e9rencier. Nous souhaitons utiliser des sous-produits agricoles r\u00e9gionaux afin de mettre en avant les diff\u00e9rences de saveurs locales. Pensez \u00e0 la diff\u00e9rence entre une \u00ab fondue valaisanne \u00bb et une \u00ab fondue fribourgeoise \u00bb : de la m\u00eame mani\u00e8re, le m\u00eame champignon, combin\u00e9 avec des sous-produits agricoles de diff\u00e9rentes r\u00e9gions, pourrait donner lieu \u00e0 des variations gustatives caract\u00e9ristiques. Cette approche pourrait, contrairement aux substituts de viande actuels au go\u00fbt plut\u00f4t homog\u00e8ne, pr\u00e9server les sp\u00e9cificit\u00e9s r\u00e9gionales et ainsi contribuer \u00e0 l\u2019essor des sp\u00e9cialit\u00e9s locales et du tourisme gastronomique.<\/p><p data-start=\"1225\" data-end=\"2071\"><strong data-start=\"1225\" data-end=\"1262\">Quel segment\/march\u00e9 ciblez-vous ?<\/strong><br data-start=\"1262\" data-end=\"1265\" \/>Le march\u00e9 des substituts de viande devrait atteindre 33 milliards de CHF au niveau mondial d\u2019ici 2027. Les consommateurs finaux des alternatives \u00e0 la viande appartiennent \u00e0 diff\u00e9rentes cat\u00e9gories : les flexitariens (qui mangent de la viande mais souhaitent en r\u00e9duire leur consommation), les v\u00e9g\u00e9tariens et les v\u00e9gans, les LOHAs (<em data-start=\"1595\" data-end=\"1636\">Lifestyles of Health and Sustainability<\/em>), un segment de consommateurs sensibles \u00e0 une alimentation saine, aux initiatives \u00e9cologiques et au d\u00e9veloppement durable, et les amateurs de gastronomie (<em data-start=\"1792\" data-end=\"1801\">foodies<\/em>), qui sont passionn\u00e9s par la d\u00e9couverte culinaire et l\u2019accord mets et vins. Notre approche, qui d\u00e9cline les substituts de viande \u00e0 base de champignons avec des saveurs locales, pourrait s\u00e9duire ce dernier segment et ainsi \u00e9largir encore davantage le march\u00e9 potentiel.<\/p><p data-start=\"2073\" data-end=\"2271\">En d\u00e9finissant clairement notre segment cible, il est essentiel de reconna\u00eetre que plusieurs mod\u00e8les d\u2019affaires peuvent \u00eatre envisag\u00e9s, d\u00e9finissant ainsi diff\u00e9rents types de clients. Par exemple :<\/p><ol data-start=\"2272\" data-end=\"2800\"><li data-start=\"2272\" data-end=\"2549\"><strong data-start=\"2275\" data-end=\"2322\">Service\/plateforme de fermentation fongique<\/strong> : cette technologie pourrait \u00eatre directement propos\u00e9e aux associations agricoles r\u00e9gionales (par exemple, cantonales en Suisse) souhaitant valoriser leurs sous-produits agricoles en les transformant en substituts de viande.<\/li><li data-start=\"2550\" data-end=\"2800\"><strong data-start=\"2553\" data-end=\"2583\">Transformation centralis\u00e9e<\/strong> : une entreprise unique ach\u00e8terait les sous-produits agricoles tra\u00e7ables pour les transformer en substituts de viande \u00e0 base de champignons et les vendre \u00e0 des distributeurs (supermarch\u00e9s, \u00e9piceries locales, etc.).<\/li><\/ol><p data-start=\"2802\" data-end=\"3084\">D\u2019autres mod\u00e8les d\u2019affaires ou des approches hybrides existent, chacun avec ses avantages et ses inconv\u00e9nients. Ces mod\u00e8les devront \u00eatre test\u00e9s et valid\u00e9s avec des \u00e9tudes de march\u00e9 et des essais pilotes, notamment en Suisse et dans les pays voisins comme la France et l\u2019Allemagne.<\/p><p data-start=\"3086\" data-end=\"3433\"><strong data-start=\"3086\" data-end=\"3134\">Quels types de recherches sont n\u00e9cessaires ?<\/strong><br data-start=\"3134\" data-end=\"3137\" \/>Nous voyons une grande valeur dans le d\u00e9veloppement et l\u2019adaptation des syst\u00e8mes de fermentation fongique ainsi que dans l\u2019optimisation du traitement en aval de la biomasse fongique. De plus, il serait essentiel de caract\u00e9riser de nouveaux isolats fongiques (analyses ADN, microbiologie, etc.).<\/p><p data-start=\"3435\" data-end=\"3654\"><strong data-start=\"3435\" data-end=\"3543\">Quelles comp\u00e9tences suppl\u00e9mentaires seront n\u00e9cessaires pour faire avancer votre id\u00e9e et la concr\u00e9tiser ?<\/strong><br data-start=\"3543\" data-end=\"3546\" \/>Une usine pilote et des analyses alimentaires seront essentielles pour d\u00e9velopper et valider nos proc\u00e9d\u00e9s.<\/p><p data-start=\"3656\" data-end=\"3763\"><strong data-start=\"3656\" data-end=\"3761\">Quel pourrait \u00eatre l\u2019impact de votre id\u00e9e sur la durabilit\u00e9 (\u00e9conomique, sociale, environnementale) ?<\/strong><\/p><ul data-start=\"3764\" data-end=\"4790\"><li data-start=\"3764\" data-end=\"4113\"><strong data-start=\"3766\" data-end=\"3797\">Durabilit\u00e9 environnementale<\/strong> : Contrairement \u00e0 l\u2019agriculture v\u00e9g\u00e9tale ou animale, la production de biomasse fongique par fermentation ne n\u00e9cessite ni herbicides ni pesticides, minimisant ainsi l\u2019impact environnemental. Cette technologie permet \u00e9galement une production locale, r\u00e9duisant les \u00e9missions de CO2 et la pollution li\u00e9e au transport.<\/li><li data-start=\"4114\" data-end=\"4508\"><strong data-start=\"4116\" data-end=\"4138\">Durabilit\u00e9 sociale<\/strong> : Le mod\u00e8le \u00e9conomique pr\u00e9sent\u00e9 ici valoriserait les agriculteurs, qui ne seraient plus de simples fournisseurs de mati\u00e8res premi\u00e8res anonymes transform\u00e9es par l\u2019industrie agroalimentaire. Au contraire, ils contribueraient directement \u00e0 la durabilit\u00e9 globale en produisant une alternative \u00e0 la viande peu transform\u00e9e \u00e0 partir de leurs propres sous-produits agricoles.<\/li><li data-start=\"4509\" data-end=\"4790\"><strong data-start=\"4511\" data-end=\"4536\">Durabilit\u00e9 \u00e9conomique<\/strong> : L\u2019aspect \u00e9conomique serait renforc\u00e9 par une \u00e9conomie circulaire, en r\u00e9duisant le gaspillage agricole et en valorisant les sous-produits. De plus, l\u2019id\u00e9e pourrait encourager le tourisme culinaire en mettant en avant des sp\u00e9cialit\u00e9s v\u00e9g\u00e9tales locales.<\/li><\/ul><p data-start=\"4792\" data-end=\"4873\"><strong data-start=\"4792\" data-end=\"4871\">Quels Objectifs de D\u00e9veloppement Durable (ODD) sont concern\u00e9s et pourquoi ?<\/strong><\/p><ul data-start=\"4874\" data-end=\"6279\" data-is-last-node=\"\"><li data-start=\"4874\" data-end=\"5099\"><strong data-start=\"4876\" data-end=\"5001\">#2 \u00c9liminer la faim, assurer la s\u00e9curit\u00e9 alimentaire et am\u00e9liorer la nutrition tout en promouvant une agriculture durable<\/strong> : L\u2019am\u00e9lioration de la durabilit\u00e9 agricole gr\u00e2ce \u00e0 notre solution a \u00e9t\u00e9 expliqu\u00e9e pr\u00e9c\u00e9demment.<\/li><li data-start=\"5100\" data-end=\"5343\"><strong data-start=\"5102\" data-end=\"5234\">#8 Promouvoir une croissance \u00e9conomique soutenue, inclusive et durable, le plein emploi productif et un travail d\u00e9cent pour tous<\/strong> : Notre approche favorise une \u00e9conomie circulaire et cr\u00e9e de nouvelles opportunit\u00e9s pour les agriculteurs.<\/li><li data-start=\"5344\" data-end=\"5594\"><strong data-start=\"5346\" data-end=\"5414\">#12 Garantir des modes de consommation et de production durables<\/strong> : L\u2019utilisation des sous-produits agricoles contribue \u00e0 un syst\u00e8me de production plus durable, att\u00e9nuant les risques li\u00e9s aux fluctuations climatiques et aux mauvaises r\u00e9coltes.<\/li><li data-start=\"5595\" data-end=\"5839\"><strong data-start=\"5597\" data-end=\"5697\">#13 Prendre des mesures urgentes pour lutter contre les changements climatiques et leurs impacts<\/strong> : Produire localement r\u00e9duit les \u00e9missions de CO2, et la consommation de substituts de viande diminue l\u2019empreinte carbone li\u00e9e \u00e0 l\u2019\u00e9levage.<\/li><li data-start=\"5840\" data-end=\"6279\" data-is-last-node=\"\"><strong data-start=\"5842\" data-end=\"6055\">#15 Pr\u00e9server et restaurer les \u00e9cosyst\u00e8mes terrestres, g\u00e9rer durablement les for\u00eats, lutter contre la d\u00e9sertification, stopper et inverser la d\u00e9gradation des terres et mettre fin \u00e0 l\u2019\u00e9rosion de la biodiversit\u00e9<\/strong> : Les champignons ont la capacit\u00e9 de produire une biomasse plus importante que les plantes par m\u00b2 et ne n\u00e9cessitent pas de terres agricoles, r\u00e9duisant ainsi l\u2019impact environnemental li\u00e9 aux cultures et \u00e0 l\u2019\u00e9rosion des sols.<\/li><\/ul>\t\t\t\t\t\t\t\t<\/div>\n\t\t\t\t<\/div>\n\t\t\t\t\t<\/div>\n\t\t<\/div>\n\t\t\t\t\t<\/div>\n\t\t<\/section>\n\t\t\t\t<\/div>\n\t\t","protected":false},"excerpt":{"rendered":"<p>Exploiter le pouvoir des champignons pour la r\u00e9volution verte de la prochaine g\u00e9n\u00e9ration par Richard Splivallo Notre objectif est de fournir une alternative \u00e0 la viande \u00e0 base de champignons, plus \u00e9cologique et plus saine que les alternatives actuelles \u00e0 base de plantes. Cela sera r\u00e9alis\u00e9 en cultivant du myc\u00e9lium, la \u00ab racine des champignons \u00bb, et en transformant cette biomasse fongique en substituts de viande comestibles. Les avantages d\u2019une telle approche sont bri\u00e8vement expos\u00e9s dans les paragraphes suivants. Le secteur mondial de la viande traverse actuellement une perturbation sans pr\u00e9c\u00e9dent, principalement due \u00e0 l\u2019essor des alternatives \u00e0 base de plantes. Ce mouvement est largement adopt\u00e9 par les flexitariens, des consommateurs qui, contrairement aux v\u00e9g\u00e9taliens et v\u00e9g\u00e9tariens, continuent de consommer de la viande, mais souhaitent en r\u00e9duire leur consommation pour des raisons \u00e9thiques. Cependant, les alternatives v\u00e9g\u00e9tales \u00e0 la viande pr\u00e9sentent plusieurs limitations : certaines n\u00e9cessitent une liste complexe d\u2019ingr\u00e9dients&hellip;<\/p>\n<p> <a class=\"more-link\" href=\"https:\/\/www.swissfoodecosystems.ch\/fr\/a-propos-5\/\">Read more<\/a><\/p>\n","protected":false},"author":11,"featured_media":32178,"parent":0,"menu_order":0,"comment_status":"closed","ping_status":"closed","template":"","meta":{"footnotes":""},"class_list":["post-37163","page","type-page","status-publish","has-post-thumbnail"],"_links":{"self":[{"href":"https:\/\/www.swissfoodecosystems.ch\/fr\/wp-json\/wp\/v2\/pages\/37163","targetHints":{"allow":["GET"]}}],"collection":[{"href":"https:\/\/www.swissfoodecosystems.ch\/fr\/wp-json\/wp\/v2\/pages"}],"about":[{"href":"https:\/\/www.swissfoodecosystems.ch\/fr\/wp-json\/wp\/v2\/types\/page"}],"author":[{"embeddable":true,"href":"https:\/\/www.swissfoodecosystems.ch\/fr\/wp-json\/wp\/v2\/users\/11"}],"replies":[{"embeddable":true,"href":"https:\/\/www.swissfoodecosystems.ch\/fr\/wp-json\/wp\/v2\/comments?post=37163"}],"version-history":[{"count":7,"href":"https:\/\/www.swissfoodecosystems.ch\/fr\/wp-json\/wp\/v2\/pages\/37163\/revisions"}],"predecessor-version":[{"id":37550,"href":"https:\/\/www.swissfoodecosystems.ch\/fr\/wp-json\/wp\/v2\/pages\/37163\/revisions\/37550"}],"wp:featuredmedia":[{"embeddable":true,"href":"https:\/\/www.swissfoodecosystems.ch\/fr\/wp-json\/wp\/v2\/media\/32178"}],"wp:attachment":[{"href":"https:\/\/www.swissfoodecosystems.ch\/fr\/wp-json\/wp\/v2\/media?parent=37163"}],"curies":[{"name":"wp","href":"https:\/\/api.w.org\/{rel}","templated":true}]}}