{"id":37175,"date":"2025-02-11T13:45:11","date_gmt":"2025-02-11T12:45:11","guid":{"rendered":"https:\/\/www.swissfoodecosystems.ch\/?page_id=37175"},"modified":"2025-02-11T13:45:26","modified_gmt":"2025-02-11T12:45:26","slug":"a-propos-4","status":"publish","type":"page","link":"https:\/\/www.swissfoodecosystems.ch\/fr\/a-propos-4\/","title":{"rendered":"\u00c0 propos"},"content":{"rendered":"\t\t<div data-elementor-type=\"wp-page\" data-elementor-id=\"37175\" class=\"elementor elementor-37175 elementor-37174\" data-elementor-post-type=\"page\">\n\t\t\t\t\t\t<section class=\"elementor-section elementor-top-section elementor-element elementor-element-f01ae94 elementor-section-boxed elementor-section-height-default elementor-section-height-default\" data-id=\"f01ae94\" data-element_type=\"section\" data-settings=\"{&quot;background_background&quot;:&quot;classic&quot;}\">\n\t\t\t\t\t\t\t<div class=\"elementor-background-overlay\"><\/div>\n\t\t\t\t\t\t\t<div class=\"elementor-container elementor-column-gap-default\">\n\t\t\t\t\t<div class=\"elementor-column elementor-col-100 elementor-top-column elementor-element elementor-element-d85f57c\" data-id=\"d85f57c\" data-element_type=\"column\">\n\t\t\t<div class=\"elementor-widget-wrap elementor-element-populated\">\n\t\t\t\t\t\t<div class=\"elementor-element elementor-element-01f40a0 elementor-widget elementor-widget-heading\" data-id=\"01f40a0\" data-element_type=\"widget\" data-widget_type=\"heading.default\">\n\t\t\t\t<div class=\"elementor-widget-container\">\n\t\t\t\t\t<h2 class=\"elementor-heading-title elementor-size-default\"><br>D\u00e9sencrage et d\u00e9cochage des emballages alimentaires en plastique en vue de leur recyclage<\/h2>\t\t\t\t<\/div>\n\t\t\t\t<\/div>\n\t\t\t\t\t<\/div>\n\t\t<\/div>\n\t\t\t\t\t<\/div>\n\t\t<\/section>\n\t\t\t\t<section class=\"elementor-section elementor-top-section elementor-element elementor-element-01f39c6 elementor-section-boxed elementor-section-height-default elementor-section-height-default\" data-id=\"01f39c6\" data-element_type=\"section\">\n\t\t\t\t\t\t<div class=\"elementor-container elementor-column-gap-default\">\n\t\t\t\t\t<div class=\"elementor-column elementor-col-100 elementor-top-column elementor-element elementor-element-94284f8\" data-id=\"94284f8\" data-element_type=\"column\">\n\t\t\t<div class=\"elementor-widget-wrap elementor-element-populated\">\n\t\t\t\t\t\t<div class=\"elementor-element elementor-element-5d0efa0 elementor-widget elementor-widget-text-editor\" data-id=\"5d0efa0\" data-element_type=\"widget\" data-widget_type=\"text-editor.default\">\n\t\t\t\t<div class=\"elementor-widget-container\">\n\t\t\t\t\t\t\t\t\t<p>par Marianne Wink<\/p>\t\t\t\t\t\t\t\t<\/div>\n\t\t\t\t<\/div>\n\t\t\t\t\t<\/div>\n\t\t<\/div>\n\t\t\t\t\t<\/div>\n\t\t<\/section>\n\t\t\t\t<section class=\"elementor-section elementor-top-section elementor-element elementor-element-cd05887 elementor-section-boxed elementor-section-height-default elementor-section-height-default\" data-id=\"cd05887\" data-element_type=\"section\">\n\t\t\t\t\t\t<div class=\"elementor-container elementor-column-gap-default\">\n\t\t\t\t\t<div class=\"elementor-column elementor-col-100 elementor-top-column elementor-element elementor-element-71d6669\" data-id=\"71d6669\" data-element_type=\"column\">\n\t\t\t<div class=\"elementor-widget-wrap elementor-element-populated\">\n\t\t\t\t\t\t<div class=\"elementor-element elementor-element-3f5769c elementor-widget elementor-widget-image\" data-id=\"3f5769c\" data-element_type=\"widget\" data-widget_type=\"image.default\">\n\t\t\t\t<div class=\"elementor-widget-container\">\n\t\t\t\t\t\t\t\t\t\t\t\t\t\t\t<img fetchpriority=\"high\" decoding=\"async\" width=\"768\" height=\"432\" src=\"https:\/\/www.swissfoodecosystems.ch\/wp-content\/uploads\/2022\/02\/NTN_Deinking-decoating-768x432.jpg\" class=\"attachment-medium_large size-medium_large wp-image-32771\" alt=\"\" srcset=\"https:\/\/www.swissfoodecosystems.ch\/wp-content\/uploads\/2022\/02\/NTN_Deinking-decoating-768x432.jpg 768w, https:\/\/www.swissfoodecosystems.ch\/wp-content\/uploads\/2022\/02\/NTN_Deinking-decoating-300x169.jpg 300w, https:\/\/www.swissfoodecosystems.ch\/wp-content\/uploads\/2022\/02\/NTN_Deinking-decoating.jpg 968w\" sizes=\"(max-width: 768px) 100vw, 768px\" \/>\t\t\t\t\t\t\t\t\t\t\t\t\t\t\t<\/div>\n\t\t\t\t<\/div>\n\t\t\t\t<div class=\"elementor-element elementor-element-3382491 elementor-widget elementor-widget-text-editor\" data-id=\"3382491\" data-element_type=\"widget\" data-widget_type=\"text-editor.default\">\n\t\t\t\t<div class=\"elementor-widget-container\">\n\t\t\t\t\t\t\t\t\t<p>Pour rendre les emballages en plastique plus durables, leur recyclage doit augmenter consid\u00e9rablement. Aujourd&rsquo;hui, la grande majorit\u00e9 des plastiques recycl\u00e9s sont des bouteilles en PET. D&rsquo;autres plastiques tr\u00e8s courants pour les emballages alimentaires, notamment les polyol\u00e9fines, pourraient techniquement \u00eatre recycl\u00e9s, mais ils ne le sont que dans de faibles volumes. L&rsquo;une des raisons en est que les mat\u00e9riaux recycl\u00e9s n&rsquo;ont souvent pas la m\u00eame qualit\u00e9 que les mat\u00e9riaux vierges. Les rev\u00eatements ou les encres d&rsquo;impression sur l&#8217;emballage entra\u00eenent une contamination du mat\u00e9riau recycl\u00e9. Bien que les efforts de conception des emballages pour le recyclage puissent r\u00e9duire la quantit\u00e9 de ces substances contaminantes, certaines d&rsquo;entre elles sont in\u00e9vitables. L&rsquo;ajout d&rsquo;une \u00e9tape suppl\u00e9mentaire pour d\u00e9sencrer ou d\u00e9laver les plastiques des emballages avant le recyclage permet d&rsquo;am\u00e9liorer la qualit\u00e9 du plastique recycl\u00e9 et d&rsquo;en faire un produit plus circulaire. Bien qu&rsquo;il existe quelques m\u00e9thodes standard de d\u00e9sencrage des plastiques, elles ne fonctionnent que pour certains types d&rsquo;encres ou de rev\u00eatements chimiques. En particulier, les encres ou les vernis r\u00e9ticul\u00e9s, comme par exemple les encres \u00e0 toner liquide ou les encres et vernis UV, sont tr\u00e8s difficiles \u00e0 enlever. Pour traiter de tels vernis ou encres, des techniques de d\u00e9sencrage nouvellement adapt\u00e9es sont n\u00e9cessaires. Nous souhaitons d\u00e9velopper de nouvelles techniques pour \u00e9liminer les encres ou les rev\u00eatements r\u00e9ticul\u00e9s des emballages en plastique. Une id\u00e9e est d&rsquo;explorer diff\u00e9rents types d&rsquo;actions m\u00e9caniques en combinaison avec des protocoles d\u00e9j\u00e0 existants. Une autre solution consiste \u00e0 trouver des moyens de d\u00e9composer chimiquement les rev\u00eatements et les encres avant de les enlever. Les premiers essais en ce sens sont actuellement en cours. Le principal d\u00e9fi consistera probablement \u00e0 \u00e9tendre les processus propos\u00e9s. Ce dernier point, en particulier, n\u00e9cessiterait la construction d&rsquo;usines enti\u00e8rement nouvelles. En outre, il est important de s&rsquo;assurer qu&rsquo;aucune petite mol\u00e9cule susceptible de migrer hors du plastique recycl\u00e9 n&rsquo;est cr\u00e9\u00e9e au cours du processus et laiss\u00e9e dans le mat\u00e9riau recycl\u00e9.<\/p>\t\t\t\t\t\t\t\t<\/div>\n\t\t\t\t<\/div>\n\t\t\t\t\t<\/div>\n\t\t<\/div>\n\t\t\t\t\t<\/div>\n\t\t<\/section>\n\t\t\t\t<section class=\"elementor-section elementor-top-section elementor-element elementor-element-5524c38 elementor-section-boxed elementor-section-height-default elementor-section-height-default\" data-id=\"5524c38\" data-element_type=\"section\">\n\t\t\t\t\t\t\t<div class=\"elementor-background-overlay\"><\/div>\n\t\t\t\t\t\t\t<div class=\"elementor-container elementor-column-gap-default\">\n\t\t\t\t\t<div class=\"elementor-column elementor-col-100 elementor-top-column elementor-element elementor-element-9bc6571\" data-id=\"9bc6571\" data-element_type=\"column\">\n\t\t\t<div class=\"elementor-widget-wrap elementor-element-populated\">\n\t\t\t\t\t\t<div class=\"elementor-element elementor-element-1b7cf3e elementor-widget elementor-widget-text-editor\" data-id=\"1b7cf3e\" data-element_type=\"widget\" data-widget_type=\"text-editor.default\">\n\t\t\t\t<div class=\"elementor-widget-container\">\n\t\t\t\t\t\t\t\t\t<div class=\"flex max-w-full flex-col flex-grow\"><div class=\"min-h-8 text-message flex w-full flex-col items-end gap-2 whitespace-normal break-words text-start [.text-message+&amp;]:mt-5\" dir=\"auto\" data-message-author-role=\"assistant\" data-message-id=\"a35862ab-5476-4c68-8650-225662cd7251\" data-message-model-slug=\"gpt-4o\"><div class=\"flex w-full flex-col gap-1 empty:hidden first:pt-[3px]\"><div class=\"markdown prose w-full break-words dark:prose-invert light\"><p data-start=\"0\" data-end=\"88\"><strong data-start=\"0\" data-end=\"77\">Quelle application de l\u2019emballage alimentaire est cibl\u00e9e par votre id\u00e9e ?<\/strong><br data-start=\"77\" data-end=\"80\" \/>Solide<\/p><p data-start=\"90\" data-end=\"216\"><strong data-start=\"90\" data-end=\"154\">Quelles conditions de stockage sont cibl\u00e9es par votre id\u00e9e ?<\/strong><br data-start=\"154\" data-end=\"157\" \/>R\u00e9frig\u00e9r\u00e9 \u2013 Produits frais &amp; dur\u00e9e de conservation courte<\/p><p data-start=\"218\" data-end=\"638\"><strong data-start=\"218\" data-end=\"303\">Commentaires suppl\u00e9mentaires concernant l\u2019application cibl\u00e9e par votre solution ?<\/strong><br data-start=\"303\" data-end=\"306\" \/>Les types de plastiques int\u00e9ressants pour notre processus sont ceux qui sont intrins\u00e8quement recyclables. L\u2019emballage fabriqu\u00e9 \u00e0 partir d\u2019un seul mat\u00e9riau polyol\u00e9finique est id\u00e9al. De plus, le processus d\u00e9velopp\u00e9 pourrait \u00eatre utilis\u00e9 non seulement pour les d\u00e9chets post-consommation, mais aussi pour les d\u00e9chets post-industriels.<\/p><p data-start=\"640\" data-end=\"1330\"><strong data-start=\"640\" data-end=\"692\">Pourquoi pensez-vous que votre id\u00e9e est unique ?<\/strong><br data-start=\"692\" data-end=\"695\" \/>\u00catre capable d\u2019\u00e9liminer un large \u00e9ventail de contaminants potentiels avant le recyclage et ainsi obtenir une meilleure qualit\u00e9 du plastique recycl\u00e9 est l\u2019une des \u00e9tapes cl\u00e9s pour acc\u00e9l\u00e9rer le recyclage des emballages alimentaires. \u00c0 part le recyclage du PET, le recyclage du plastique en Suisse est vou\u00e9 \u00e0 une forte croissance dans les ann\u00e9es \u00e0 venir. Avec cette id\u00e9e, nous visons \u00e0 ajouter une \u00e9tape suppl\u00e9mentaire qui pourrait donner aux recycleurs un avantage concurrentiel en termes de qualit\u00e9 des mat\u00e9riaux recycl\u00e9s. De plus, cela pourrait permettre de recycler des mat\u00e9riaux qui ne sont pas encore consid\u00e9r\u00e9s comme recyclables.<\/p><p data-start=\"1332\" data-end=\"1410\"><strong data-start=\"1332\" data-end=\"1408\">Quel type de recherche serait n\u00e9cessaire pour faire avancer votre id\u00e9e ?<\/strong><\/p><ul data-start=\"1411\" data-end=\"1668\"><li data-start=\"1411\" data-end=\"1545\">Comment pouvons-nous \u00e9liminer m\u00e9caniquement et\/ou chimiquement les encres et rev\u00eatements \u00ab difficiles \u00e0 enlever \u00bb des plastiques ?<\/li><li data-start=\"1546\" data-end=\"1668\">Comment s\u2019assurer que ces proc\u00e9d\u00e9s de d\u00e9sencrage ne laissent aucun r\u00e9sidu et ne cr\u00e9ent pas de substances migratoires ?<\/li><\/ul><p data-start=\"1670\" data-end=\"1780\"><strong data-start=\"1670\" data-end=\"1778\">Quelles comp\u00e9tences suppl\u00e9mentaires seront n\u00e9cessaires pour faire avancer votre id\u00e9e et la concr\u00e9tiser ?<\/strong><\/p><ul data-start=\"1781\" data-end=\"1963\"><li data-start=\"1781\" data-end=\"1836\">Perspectives et retours d\u2019exp\u00e9rience des recycleurs<\/li><li data-start=\"1837\" data-end=\"1898\">Fourniture d\u2019\u00e9chantillons par les fabricants d\u2019emballages<\/li><li data-start=\"1899\" data-end=\"1963\">Installation d\u2019une usine pilote une fois le processus \u00e9tabli<\/li><\/ul><p data-start=\"1965\" data-end=\"2641\" data-is-last-node=\"\"><strong data-start=\"1965\" data-end=\"2070\">Quel pourrait \u00eatre l\u2019impact de votre id\u00e9e sur la durabilit\u00e9 (\u00e9conomique, sociale, environnementale) ?<\/strong><br data-start=\"2070\" data-end=\"2073\" \/>Comme cette id\u00e9e a le potentiel de dynamiser le recyclage des plastiques, elle a un impact environnemental significatif. Dans le meilleur des cas, nous parviendrons \u00e0 maintenir dans le circuit des mat\u00e9riaux qui ne sont pas encore recyclables. \u00c0 long terme, les mat\u00e9riaux recycl\u00e9s deviendront \u00e9galement plus attractifs \u00e9conomiquement en raison de la rar\u00e9faction des ressources. D\u00e9velopper une expertise en recyclage plastique, notamment en mati\u00e8re de d\u00e9sencrage et de retrait des rev\u00eatements, peut cr\u00e9er des emplois en Suisse, contribuant ainsi \u00e0 la durabilit\u00e9 sociale.<\/p><\/div><\/div><\/div><\/div>\t\t\t\t\t\t\t\t<\/div>\n\t\t\t\t<\/div>\n\t\t\t\t\t<\/div>\n\t\t<\/div>\n\t\t\t\t\t<\/div>\n\t\t<\/section>\n\t\t\t\t<\/div>\n\t\t","protected":false},"excerpt":{"rendered":"<p>D\u00e9sencrage et d\u00e9cochage des emballages alimentaires en plastique en vue de leur recyclage par Marianne Wink Pour rendre les emballages en plastique plus durables, leur recyclage doit augmenter consid\u00e9rablement. Aujourd&rsquo;hui, la grande majorit\u00e9 des plastiques recycl\u00e9s sont des bouteilles en PET. D&rsquo;autres plastiques tr\u00e8s courants pour les emballages alimentaires, notamment les polyol\u00e9fines, pourraient techniquement \u00eatre recycl\u00e9s, mais ils ne le sont que dans de faibles volumes. L&rsquo;une des raisons en est que les mat\u00e9riaux recycl\u00e9s n&rsquo;ont souvent pas la m\u00eame qualit\u00e9 que les mat\u00e9riaux vierges. Les rev\u00eatements ou les encres d&rsquo;impression sur l&#8217;emballage entra\u00eenent une contamination du mat\u00e9riau recycl\u00e9. Bien que les efforts de conception des emballages pour le recyclage puissent r\u00e9duire la quantit\u00e9 de ces substances contaminantes, certaines d&rsquo;entre elles sont in\u00e9vitables. L&rsquo;ajout d&rsquo;une \u00e9tape suppl\u00e9mentaire pour d\u00e9sencrer ou d\u00e9laver les plastiques des emballages avant le recyclage permet d&rsquo;am\u00e9liorer la qualit\u00e9 du plastique recycl\u00e9 et d&rsquo;en faire un produit&hellip;<\/p>\n<p> <a class=\"more-link\" href=\"https:\/\/www.swissfoodecosystems.ch\/fr\/a-propos-4\/\">Read more<\/a><\/p>\n","protected":false},"author":11,"featured_media":32178,"parent":0,"menu_order":0,"comment_status":"closed","ping_status":"closed","template":"","meta":{"footnotes":""},"class_list":["post-37175","page","type-page","status-publish","has-post-thumbnail"],"_links":{"self":[{"href":"https:\/\/www.swissfoodecosystems.ch\/fr\/wp-json\/wp\/v2\/pages\/37175","targetHints":{"allow":["GET"]}}],"collection":[{"href":"https:\/\/www.swissfoodecosystems.ch\/fr\/wp-json\/wp\/v2\/pages"}],"about":[{"href":"https:\/\/www.swissfoodecosystems.ch\/fr\/wp-json\/wp\/v2\/types\/page"}],"author":[{"embeddable":true,"href":"https:\/\/www.swissfoodecosystems.ch\/fr\/wp-json\/wp\/v2\/users\/11"}],"replies":[{"embeddable":true,"href":"https:\/\/www.swissfoodecosystems.ch\/fr\/wp-json\/wp\/v2\/comments?post=37175"}],"version-history":[{"count":4,"href":"https:\/\/www.swissfoodecosystems.ch\/fr\/wp-json\/wp\/v2\/pages\/37175\/revisions"}],"predecessor-version":[{"id":37541,"href":"https:\/\/www.swissfoodecosystems.ch\/fr\/wp-json\/wp\/v2\/pages\/37175\/revisions\/37541"}],"wp:featuredmedia":[{"embeddable":true,"href":"https:\/\/www.swissfoodecosystems.ch\/fr\/wp-json\/wp\/v2\/media\/32178"}],"wp:attachment":[{"href":"https:\/\/www.swissfoodecosystems.ch\/fr\/wp-json\/wp\/v2\/media?parent=37175"}],"curies":[{"name":"wp","href":"https:\/\/api.w.org\/{rel}","templated":true}]}}