{"id":37184,"date":"2024-12-30T17:29:59","date_gmt":"2024-12-30T16:29:59","guid":{"rendered":"https:\/\/www.swissfoodecosystems.ch\/?page_id=37184"},"modified":"2025-02-11T13:38:35","modified_gmt":"2025-02-11T12:38:35","slug":"a-propos-3","status":"publish","type":"page","link":"https:\/\/www.swissfoodecosystems.ch\/fr\/a-propos-3\/","title":{"rendered":"Id\u00e9e 2021 &#8211; Analogues authentiques de fruits de mer"},"content":{"rendered":"\t\t<div data-elementor-type=\"wp-page\" data-elementor-id=\"37184\" class=\"elementor elementor-37184 elementor-37183\" data-elementor-post-type=\"page\">\n\t\t\t\t\t\t<section class=\"elementor-section elementor-top-section elementor-element elementor-element-f01ae94 elementor-section-boxed elementor-section-height-default elementor-section-height-default\" data-id=\"f01ae94\" data-element_type=\"section\" data-settings=\"{&quot;background_background&quot;:&quot;classic&quot;}\">\n\t\t\t\t\t\t\t<div class=\"elementor-background-overlay\"><\/div>\n\t\t\t\t\t\t\t<div class=\"elementor-container elementor-column-gap-default\">\n\t\t\t\t\t<div class=\"elementor-column elementor-col-100 elementor-top-column elementor-element elementor-element-d85f57c\" data-id=\"d85f57c\" data-element_type=\"column\">\n\t\t\t<div class=\"elementor-widget-wrap elementor-element-populated\">\n\t\t\t\t\t\t<div class=\"elementor-element elementor-element-01f40a0 elementor-widget elementor-widget-heading\" data-id=\"01f40a0\" data-element_type=\"widget\" data-widget_type=\"heading.default\">\n\t\t\t\t<div class=\"elementor-widget-container\">\n\t\t\t\t\t<h2 class=\"elementor-heading-title elementor-size-default\"><br>Analogues authentiques de fruits de mer<\/h2>\t\t\t\t<\/div>\n\t\t\t\t<\/div>\n\t\t\t\t\t<\/div>\n\t\t<\/div>\n\t\t\t\t\t<\/div>\n\t\t<\/section>\n\t\t\t\t<section class=\"elementor-section elementor-top-section elementor-element elementor-element-01f39c6 elementor-section-boxed elementor-section-height-default elementor-section-height-default\" data-id=\"01f39c6\" data-element_type=\"section\">\n\t\t\t\t\t\t<div class=\"elementor-container elementor-column-gap-default\">\n\t\t\t\t\t<div class=\"elementor-column elementor-col-100 elementor-top-column elementor-element elementor-element-94284f8\" data-id=\"94284f8\" data-element_type=\"column\">\n\t\t\t<div class=\"elementor-widget-wrap elementor-element-populated\">\n\t\t\t\t\t\t<div class=\"elementor-element elementor-element-5d0efa0 elementor-widget elementor-widget-text-editor\" data-id=\"5d0efa0\" data-element_type=\"widget\" data-widget_type=\"text-editor.default\">\n\t\t\t\t<div class=\"elementor-widget-container\">\n\t\t\t\t\t\t\t\t\t<p>par Severin Eder and Lukas B\u00f6cker<\/p>\t\t\t\t\t\t\t\t<\/div>\n\t\t\t\t<\/div>\n\t\t\t\t\t<\/div>\n\t\t<\/div>\n\t\t\t\t\t<\/div>\n\t\t<\/section>\n\t\t\t\t<section class=\"elementor-section elementor-top-section elementor-element elementor-element-cd05887 elementor-section-boxed elementor-section-height-default elementor-section-height-default\" data-id=\"cd05887\" data-element_type=\"section\">\n\t\t\t\t\t\t<div class=\"elementor-container elementor-column-gap-default\">\n\t\t\t\t\t<div class=\"elementor-column elementor-col-100 elementor-top-column elementor-element elementor-element-71d6669\" data-id=\"71d6669\" data-element_type=\"column\">\n\t\t\t<div class=\"elementor-widget-wrap elementor-element-populated\">\n\t\t\t\t\t\t<div class=\"elementor-element elementor-element-3f5769c elementor-widget elementor-widget-image\" data-id=\"3f5769c\" data-element_type=\"widget\" data-widget_type=\"image.default\">\n\t\t\t\t<div class=\"elementor-widget-container\">\n\t\t\t\t\t\t\t\t\t\t\t\t\t\t\t<img fetchpriority=\"high\" decoding=\"async\" width=\"768\" height=\"431\" src=\"https:\/\/www.swissfoodecosystems.ch\/wp-content\/uploads\/2024\/12\/Capture-decran-2024-12-30-a-17.31.44-768x431.png\" class=\"attachment-medium_large size-medium_large wp-image-37188\" alt=\"\" srcset=\"https:\/\/www.swissfoodecosystems.ch\/wp-content\/uploads\/2024\/12\/Capture-decran-2024-12-30-a-17.31.44-768x431.png 768w, https:\/\/www.swissfoodecosystems.ch\/wp-content\/uploads\/2024\/12\/Capture-decran-2024-12-30-a-17.31.44-300x168.png 300w, https:\/\/www.swissfoodecosystems.ch\/wp-content\/uploads\/2024\/12\/Capture-decran-2024-12-30-a-17.31.44-1024x575.png 1024w, https:\/\/www.swissfoodecosystems.ch\/wp-content\/uploads\/2024\/12\/Capture-decran-2024-12-30-a-17.31.44-1536x862.png 1536w, https:\/\/www.swissfoodecosystems.ch\/wp-content\/uploads\/2024\/12\/Capture-decran-2024-12-30-a-17.31.44.png 1550w\" sizes=\"(max-width: 768px) 100vw, 768px\" \/>\t\t\t\t\t\t\t\t\t\t\t\t\t\t\t<\/div>\n\t\t\t\t<\/div>\n\t\t\t\t<div class=\"elementor-element elementor-element-3382491 elementor-widget elementor-widget-text-editor\" data-id=\"3382491\" data-element_type=\"widget\" data-widget_type=\"text-editor.default\">\n\t\t\t\t<div class=\"elementor-widget-container\">\n\t\t\t\t\t\t\t\t\t<p>L&rsquo;intensification de l&rsquo;impact anthropique sur les \u00e9cosyst\u00e8mes oc\u00e9aniques et c\u00f4tiers acc\u00e9l\u00e8re la perte de biodiversit\u00e9. La prolif\u00e9ration des pratiques de p\u00eache de capture et d&rsquo;\u00e9levage a entra\u00een\u00e9 la surexploitation de 34 % des stocks mondiaux de poissons et la destruction des mangroves \u00e0 un rythme 3 \u00e0 5 fois sup\u00e9rieur \u00e0 celui de la d\u00e9forestation mondiale. L&rsquo;augmentation de la demande mondiale de produits de la mer, associ\u00e9e \u00e0 l&rsquo;existence d&rsquo;un march\u00e9 blanc en Suisse, nous incite fortement \u00e0 fournir des analogues de produits de la mer durables.<\/p><p>Nous avons l&rsquo;intention de produire des analogues de fruits de mer \u00e0 base de microalgues sans nuire aux attentes des consommateurs en termes d&rsquo;exp\u00e9rience alimentaire et de qualit\u00e9 nutritionnelle. \u00c0 cette fin, nous pr\u00e9voyons de d\u00e9velopper un processus d&rsquo;impression alimentaire innovant pour cr\u00e9er d&rsquo;authentiques substituts de fruits de mer.<\/p>\t\t\t\t\t\t\t\t<\/div>\n\t\t\t\t<\/div>\n\t\t\t\t\t<\/div>\n\t\t<\/div>\n\t\t\t\t\t<\/div>\n\t\t<\/section>\n\t\t\t\t<section class=\"elementor-section elementor-top-section elementor-element elementor-element-5524c38 elementor-section-boxed elementor-section-height-default elementor-section-height-default\" data-id=\"5524c38\" data-element_type=\"section\">\n\t\t\t\t\t\t\t<div class=\"elementor-background-overlay\"><\/div>\n\t\t\t\t\t\t\t<div class=\"elementor-container elementor-column-gap-default\">\n\t\t\t\t\t<div class=\"elementor-column elementor-col-100 elementor-top-column elementor-element elementor-element-9bc6571\" data-id=\"9bc6571\" data-element_type=\"column\">\n\t\t\t<div class=\"elementor-widget-wrap elementor-element-populated\">\n\t\t\t\t\t\t<div class=\"elementor-element elementor-element-1b7cf3e elementor-widget elementor-widget-text-editor\" data-id=\"1b7cf3e\" data-element_type=\"widget\" data-widget_type=\"text-editor.default\">\n\t\t\t\t<div class=\"elementor-widget-container\">\n\t\t\t\t\t\t\t\t\t<div><div class=\"hype-fields--field row hype--depends-on-fields hype--updatable Text-Kriterium hype-fields--text-kriterium required_field hype-fields--readonly hype-fields--vertical\" data-field-id=\"ad1c9b1e015b1c1f99214f0cb9b9c782\" data-updatable-name=\"field_in_idea_ad1c9b1e015b1c1f99214f0cb9b9c782\" data-context=\"gAAAqFEl8BzONCJ4RoCvROr7Wy7rBWdjkPTNgv-1GGqyIsD4wZTFglo53Hgl1Z--pBf1wrkEC9FI_qi2Vx-tuJoP1z3Yn_3ZCafZHyf0ZWJvusYGEnOA8546oltC8dKBCYOhhUe8fd82u0PR0laMzsRF3l2to2cMJy_w1HHY_I4o9xGFoXxe3oE3pyldFbaLU4qSa8kWPB58uO1R9_l7pBAHo9UqBbmPLvmPuM-bN_LYnVvArryrbK0wrRSMQn5Pw2LpBTGuxMezkGDRGoGAq2KgsjuD6fM_YM33OLUBpe_jvcbSZsoDDBXf8OulgB_jkQH4mxfEL_QnhfQs4XEEPviF8Kv-2VY6jJaSnF5xPzwdj_YCQK7GjfefwprOxrLofxKHKg==\"><div class=\"col-xs-12 hype-fields--label-column\"><strong>Qu&rsquo;est-ce qui rend votre id\u00e9e unique et innovante ?<\/strong><\/div><div class=\"col-xs-12 hype-fields--content-column \"><div class=\"hype-fields--content \"><div class=\"hype-fields--text-field-content\"><div class=\" \" data-field-id=\"ad1c9b1e015b1c1f99214f0cb9b9c782\"><div class=\"unEditableSlot\" lang=\"\"><p>Les analogues actuels des produits de la mer, principalement \u00e0 base de soja, ne r\u00e9pondent pas \u00e0 leur proposition de valeur en termes de propri\u00e9t\u00e9s organoleptiques telles que la texture et la qualit\u00e9 nutritionnelle. Dans ce contexte, les microalgues offrent un profil nutritionnel complet, avec une teneur \u00e9lev\u00e9e en prot\u00e9ines, des acides gras essentiels et des micronutriments pertinents. En outre, les produits de la mer d&rsquo;origine v\u00e9g\u00e9tale disponibles ne pr\u00e9sentent pas la texture appropri\u00e9e que les consommateurs recherchent. C&rsquo;est pourquoi nous proposons un processus d&rsquo;impression alternatif pour surmonter les probl\u00e8mes existants des produits de la mer conventionnels et des produits de substitution.<\/p><\/div><\/div><\/div><\/div><\/div><\/div><div class=\"clear\">\u00a0<\/div><div class=\"hype-fields--field row hype--depends-on-fields hype--updatable Text-Kriterium hype-fields--text-kriterium with_explanation required_field hype-fields--readonly hype-fields--vertical\" data-field-id=\"5400d24a6459ab75f28aa634160d573f\" data-updatable-name=\"field_in_idea_5400d24a6459ab75f28aa634160d573f\" data-context=\"gAAAqSt7ZqpA2zXV9gM9L6NM86gw5h-c-7tqXtjkMBJEbm1blKlQOGSYR8GvegtAusPpDzsS8OxD7vG-1VE-qfYnNO4RMnCSIlE01iU1eZ4K68by4_kJLlk6muIKjWJ6rtxCIxbJph8N6YKVhiKiYq8HySV8isZy0Lo9R-qjVskvCGbtTV7YgdpMxAxflZZZNQT3Yje3EHHngRm6JAqbDieN6aAuMmYk6LBguQYsxii09DooJ5SUuRf-XG9Tz50SNop2bXIs8DVve3urxKNDtqMyX7UMtBhmC27bjRFGqMo1_xFTjBooSZ9_wFYlHnfk-Axd-ddaSHX7isqu48r27GW4BcheQ3dqFyvU8eS-YHTLJIHaakSSb6_q-Zssdk2Dd16CoA==\"><div class=\"col-xs-12 hype-fields--label-column\"><strong>\u00c0 quel segment\/march\u00e9 vous adressez-vous ?<\/strong><\/div><div class=\"col-xs-12 hype-fields--content-column \"><div class=\"hype-fields--content \"><div class=\"hype-fields--text-field-content\"><div class=\" \" data-field-id=\"5400d24a6459ab75f28aa634160d573f\"><div class=\"unEditableSlot\" lang=\"\"><p>Nous avons l&rsquo;intention de nous attaquer au march\u00e9 sous-d\u00e9velopp\u00e9 des analogues de fruits de mer en Suisse avec des alternatives v\u00e9g\u00e9taliennes. D\u00e8s notre premier produit, nous r\u00e9pondons aux attentes d&rsquo;une population v\u00e9g\u00e9talienne, v\u00e9g\u00e9tarienne et flexitarienne en pleine croissance. En outre, nous ciblons le nombre croissant de consommateurs qui suivent un mode de vie sain et durable (LOHAS) et qui souhaitent assumer la responsabilit\u00e9 des pr\u00e9occupations sociales et environnementales en faisant des choix alimentaires r\u00e9fl\u00e9chis sans sacrifier leurs pr\u00e9f\u00e9rences alimentaires. Nous voulons servir le segment populaire des produits de la mer avec des produits \u00e0 base de microalgues qui sont riches en prot\u00e9ines et contiennent naturellement des acides gras essentiels ainsi que des micronutriments pr\u00e9cieux \u00e9quivalents aux produits de la mer proprement dits. Nos (i) substituts de fruits de mer \u00ab clean label \u00bb sont (ii) v\u00e9g\u00e9taliens, (iii) ne contiennent pas de potentiel allerg\u00e8ne ni de gluten, et (iv) sont exempts de m\u00e9taux lourds, de microplastiques, d&rsquo;OGM et d&rsquo;antibiotiques.<\/p><\/div><\/div><\/div><\/div><\/div><\/div><\/div><div><div data-field-id=\"0fe7d2f34e239d49717e1eff0b670e3b\"><div data-field-id=\"869cdf8da7e172c763429c1ebd504df4\"><div data-field-id=\"b9f686687933e0151a8ed930e6caa77e\"><div class=\"col-xs-12 hype-fields--content-column \"><div class=\"hype-fields--content \"><div class=\"hype-fields--text-field-content\"><div class=\" \" data-field-id=\"39b08a3231033e4029f77165b9335175\"><div class=\"col-xs-12 hype-fields--content-column \"><div class=\"hype-fields--content \"><div class=\"hype-fields--text-field-content\"><div class=\"col-xs-12 hype-fields--content-column \"><div class=\"hype-fields--content \"><div class=\"hype-fields--text-field-content\"><div class=\" \" data-field-id=\"1279a1b04225b9ba0559f4216cf56d7c\"><div class=\"unEditableSlot\" lang=\"\"><div class=\"hype-fields--field row hype--depends-on-fields hype--updatable Text-Kriterium hype-fields--text-kriterium with_explanation required_field hype-fields--readonly hype-fields--vertical\" data-field-id=\"b5089562c3d107f9a42c1783584463e9\" data-updatable-name=\"field_in_idea_b5089562c3d107f9a42c1783584463e9\" data-context=\"gAAAqh0nOBAcOB8RVJZvZG2VlvBZGeF6Hi8UcY7u3fdCZG5D87rL1ZGnL5PkUn4_rGlNRDVSAIyGbFLLDgClB7iBzvD-0kpIN55q0qctrcAm2ylpsXIZpn4lQdzLepaQ-0tofKJ6ReF-uIUgBAsVQ_xSnrPPMsXzZ0BfMKr4fn7IzDKkBt9mVy_G_fvWT7ofRHoxxL1MBDt-s2809gRRhhC2EhoOM7Bdk7HDu4ndkGcJifBK-HEmSWajQcLDjvC24cEftqNMKYrMmHjr9cNX7MujDUhRtnVvkaIMO3lDsagNmojSlhpl0FkfYbwfgzm8v0L3ynJidYYM1pc2tnAwmiRrladFE-LEZW9Ey99Tst0EILumdgNT-H4n8N-FDePlJCcLjg==\"><div class=\"col-xs-12 hype-fields--label-column\"><strong>Votre id\u00e9e contribue-t-elle \u00e9galement \u00e0 des syst\u00e8mes alimentaires plus durables ?<\/strong><\/div><div class=\"col-xs-12 hype-fields--content-column \"><div id=\"hype-fields--explanation-b5089562c3d107f9a42c1783584463e9-4215608480061843224\" class=\"hype-explanation--on-page\"><p>En tant que source alimentaire renouvelable, durable et compl\u00e8te, les microalgues ont un potentiel \u00e9norme pour aider \u00e0 fa\u00e7onner un syst\u00e8me alimentaire durable \u00e0 l&rsquo;avenir. En outre, nos substituts de fruits de mer v\u00e9g\u00e9taliens produits localement favoriseraient le bien-\u00eatre des animaux et contribueraient \u00e0 une gestion durable de l&rsquo;environnement et des ressources en luttant contre la surp\u00eache et la destruction des mangroves.<\/p><\/div><\/div><\/div><div class=\"clear\">\u00a0<\/div><div class=\"hype-fields--field row hype--depends-on-fields hype--updatable Text-Kriterium hype-fields--text-kriterium with_explanation required_field hype-fields--readonly hype-fields--vertical\" data-field-id=\"62f35af41a35c3bb0b240e868f81dfab\" data-updatable-name=\"field_in_idea_62f35af41a35c3bb0b240e868f81dfab\" data-context=\"gAAAq1MOBg5kZmPN_DhL_UlVtF-_RW2XGNuzpO6N_Oi7D2w25Rbl2gKPvKEPr6rVr8HaVRw_ppVfRGNG1xvZSbLTwH0-EUUenwFQU43YJkEP_kGyhlRllc98bXO5M3iGd_pDV9xt07hYbnpZXHNyMnNcwWOZpFknGnNnssIn9FSufAaRBiH7wpmy9FkZ4KKDtFIJrEZ84mTDZFQYCoRrV2MUwzlQLQqrEZwFmX0nZst0G-NOVAya5QfotBATAdtTQcC-GfYeKKL3vLqPPzoGGUNXbPIwD7GrO-vngLwsCCcio4X8ERXinHpmKAr7dT7lFJ7RSidvaoAnSq8GYamU4s3njbBaooTKTQYvXsRsTksfxDt4kN_NCNxcMVO_CL59H6-kvg==\"><div class=\"col-xs-12 hype-fields--label-column\"><b> Quelles comp\u00e9tences apportez-vous au sein de votre \u00e9quipe ?<\/b><\/div><div class=\"col-xs-12 hype-fields--content-column \"><div class=\"hype-fields--content \"><div class=\"hype-fields--text-field-content\"><div class=\" \" data-field-id=\"62f35af41a35c3bb0b240e868f81dfab\"><div class=\"unEditableSlot\" lang=\"\"><p>Nous sommes une \u00e9quipe de scientifiques sp\u00e9cialis\u00e9s dans l&rsquo;alimentation, avec une expertise en chimie alimentaire et en transformation des aliments.<\/p><\/div><\/div><\/div><\/div><\/div><\/div><div class=\"clear\">\u00a0<\/div><div class=\"hype-fields--field row hype--depends-on-fields hype--updatable Text-Kriterium hype-fields--text-kriterium with_explanation required_field hype-fields--readonly hype-fields--vertical\" data-field-id=\"4f9811b663d100a2e7bcb94541ff9515\" data-updatable-name=\"field_in_idea_4f9811b663d100a2e7bcb94541ff9515\" data-context=\"gAAArL0hPWWw6tpfC2M5tVZLaUuIjf6_9dOM8Hv7WPb2ElpFd4ezxTLBuP0A5PqGxNllzK4lXlz6HEc53GId6pZUEGOqvRHeTfrIa7w-u3Jdsvy7wIYoAUXWSXTLmSEWqdDCeRjyw6klo3BorBH4KfkWDHMXY6foR0ledfo--qIuXbxyUbhHuqzE0cGaF2Ogg2GjLRCDnEI3aHFZ-gWX3PeKbddqZFziZ9-4_9I63Rt6mTQ05ha_baMRIl6tVddlp7gxmIP2WjBc9cLyqcvCKRB6gkjw6T80kQFxX_hYQDvppt33ls3283dbyCTi1647mCrp1fdfQ7yYpxfO2-JRn55OsbYCnEGyYClFi61kfm-5ZJSOGqa3514gyYqjV0Wz5DDRxw==\"><div class=\"col-xs-12 hype-fields--label-column\"><strong><label id=\"hype-fields--label-4f9811b663d100a2e7bcb94541ff9515-4215608480061843227\" class=\"hype-fields--label \">De quoi auriez-vous besoin pour faire avancer votre id\u00e9e ?<\/label><\/strong><\/div><div class=\"col-xs-12 hype-fields--content-column \"><div class=\"hype-fields--content \"><div class=\"hype-fields--text-field-content\"><div class=\" \" data-field-id=\"4f9811b663d100a2e7bcb94541ff9515\"><div class=\"unEditableSlot\" lang=\"\"><p>Notre approche pour fournir des analogues de fruits de mer comprend une formulation alimentaire et un processus de structuration. Des comp\u00e9tences en recherche et d\u00e9veloppement d&rsquo;ar\u00f4mes naturels sont n\u00e9cessaires pour cr\u00e9er une exp\u00e9rience authentique. En outre, l&rsquo;expertise en mati\u00e8re de syst\u00e8mes hydrocollo\u00efdaux permet d&rsquo;optimiser les propri\u00e9t\u00e9s de la formulation alimentaire pour le processus de structuration susbtantiel.<\/p><\/div><\/div><\/div><\/div><\/div><\/div><div class=\"hype-fields--field row hype--depends-on-fields hype--updatable Text-Kriterium hype-fields--text-kriterium with_explanation required_field hype-fields--readonly hype-fields--vertical\" data-field-id=\"ff00cb27c1c62fa45542172e8fb6e5dd\" data-updatable-name=\"field_in_idea_ff00cb27c1c62fa45542172e8fb6e5dd\" data-context=\"gAAAreoK5fM0bZNnhew90luIL5qPLzeeti3u2_VE3NOZJtk9keBSinGk4NG3ZEfManr0sMsTr6lDN0OLqrLKsCmCHVQZdflY5RE6zOlkbHVlLJQ0HKjqcJfzeBUpxn3DsHUhVixLAlYaaY1YZTHsr0ilxNs7y5NaFP3Y_ZCl3x-03n556ZakehKnayxpkcOTte1Hd8DGMqFsug0vWYKjC67fWxuNt5KZT78UwXlQXnuhaRPE-kFchqd8VA2Fdyy3HhcdLLpjak_HOfPa3cf73t1stZIg9P44BCR7BCogB9HtThpZHsjHUAooVk3BHjFtLeHNBQs5Eo_3Nv5FJHqOgjIWU_kZ8UvtCEQl0kLO4ch3U3zCuymgOneEqLURNFyqrENDsw==\"><div class=\"col-xs-12 hype-fields--label-column\"><strong><label id=\"hype-fields--label-ff00cb27c1c62fa45542172e8fb6e5dd-4215608480061843229\" class=\"hype-fields--label \">Quelles sont les (prochaines) \u00e9tapes que vous envisagez pour faire avancer votre id\u00e9e\/projet ?<\/label><\/strong><\/div><div class=\"col-xs-12 hype-fields--content-column \"><div class=\"hype-fields--content \"><div class=\"hype-fields--text-field-content\"><div class=\" \" data-field-id=\"ff00cb27c1c62fa45542172e8fb6e5dd\"><div class=\"unEditableSlot\" lang=\"\"><p>La production d&rsquo;analogues de fruits de mer n\u00e9cessite le passage de l&rsquo;\u00e9chelle du laboratoire \u00e0 la production et aux quantit\u00e9s industrielles. Une fois qu&rsquo;un processus est \u00e9tabli, l&rsquo;acc\u00e8s \u00e0 l&rsquo;infrastructure pour une mise \u00e0 l&rsquo;\u00e9chelle est n\u00e9cessaire.<\/p><\/div><\/div><\/div><\/div><\/div><\/div><\/div><\/div><\/div><\/div><\/div><\/div><\/div><\/div><\/div><\/div><\/div><\/div><\/div><\/div><\/div><\/div>\t\t\t\t\t\t\t\t<\/div>\n\t\t\t\t<\/div>\n\t\t\t\t\t<\/div>\n\t\t<\/div>\n\t\t\t\t\t<\/div>\n\t\t<\/section>\n\t\t\t\t<\/div>\n\t\t","protected":false},"excerpt":{"rendered":"<p>Analogues authentiques de fruits de mer par Severin Eder and Lukas B\u00f6cker L&rsquo;intensification de l&rsquo;impact anthropique sur les \u00e9cosyst\u00e8mes oc\u00e9aniques et c\u00f4tiers acc\u00e9l\u00e8re la perte de biodiversit\u00e9. La prolif\u00e9ration des pratiques de p\u00eache de capture et d&rsquo;\u00e9levage a entra\u00een\u00e9 la surexploitation de 34 % des stocks mondiaux de poissons et la destruction des mangroves \u00e0 un rythme 3 \u00e0 5 fois sup\u00e9rieur \u00e0 celui de la d\u00e9forestation mondiale. L&rsquo;augmentation de la demande mondiale de produits de la mer, associ\u00e9e \u00e0 l&rsquo;existence d&rsquo;un march\u00e9 blanc en Suisse, nous incite fortement \u00e0 fournir des analogues de produits de la mer durables. Nous avons l&rsquo;intention de produire des analogues de fruits de mer \u00e0 base de microalgues sans nuire aux attentes des consommateurs en termes d&rsquo;exp\u00e9rience alimentaire et de qualit\u00e9 nutritionnelle. \u00c0 cette fin, nous pr\u00e9voyons de d\u00e9velopper un processus d&rsquo;impression alimentaire innovant pour cr\u00e9er d&rsquo;authentiques substituts de fruits de mer. Qu&rsquo;est-ce qui&hellip;<\/p>\n<p> <a class=\"more-link\" href=\"https:\/\/www.swissfoodecosystems.ch\/fr\/a-propos-3\/\">Read more<\/a><\/p>\n","protected":false},"author":11,"featured_media":32178,"parent":0,"menu_order":0,"comment_status":"closed","ping_status":"closed","template":"","meta":{"footnotes":""},"class_list":["post-37184","page","type-page","status-publish","has-post-thumbnail"],"_links":{"self":[{"href":"https:\/\/www.swissfoodecosystems.ch\/fr\/wp-json\/wp\/v2\/pages\/37184","targetHints":{"allow":["GET"]}}],"collection":[{"href":"https:\/\/www.swissfoodecosystems.ch\/fr\/wp-json\/wp\/v2\/pages"}],"about":[{"href":"https:\/\/www.swissfoodecosystems.ch\/fr\/wp-json\/wp\/v2\/types\/page"}],"author":[{"embeddable":true,"href":"https:\/\/www.swissfoodecosystems.ch\/fr\/wp-json\/wp\/v2\/users\/11"}],"replies":[{"embeddable":true,"href":"https:\/\/www.swissfoodecosystems.ch\/fr\/wp-json\/wp\/v2\/comments?post=37184"}],"version-history":[{"count":20,"href":"https:\/\/www.swissfoodecosystems.ch\/fr\/wp-json\/wp\/v2\/pages\/37184\/revisions"}],"predecessor-version":[{"id":37538,"href":"https:\/\/www.swissfoodecosystems.ch\/fr\/wp-json\/wp\/v2\/pages\/37184\/revisions\/37538"}],"wp:featuredmedia":[{"embeddable":true,"href":"https:\/\/www.swissfoodecosystems.ch\/fr\/wp-json\/wp\/v2\/media\/32178"}],"wp:attachment":[{"href":"https:\/\/www.swissfoodecosystems.ch\/fr\/wp-json\/wp\/v2\/media?parent=37184"}],"curies":[{"name":"wp","href":"https:\/\/api.w.org\/{rel}","templated":true}]}}