{"id":37214,"date":"2024-12-30T17:55:55","date_gmt":"2024-12-30T16:55:55","guid":{"rendered":"https:\/\/www.swissfoodecosystems.ch\/?page_id=37214"},"modified":"2025-02-11T15:13:33","modified_gmt":"2025-02-11T14:13:33","slug":"a-propos-2","status":"publish","type":"page","link":"https:\/\/www.swissfoodecosystems.ch\/fr\/a-propos-2\/","title":{"rendered":"\u00c0 propos"},"content":{"rendered":"\t\t<div data-elementor-type=\"wp-page\" data-elementor-id=\"37214\" class=\"elementor elementor-37214 elementor-37213\" data-elementor-post-type=\"page\">\n\t\t\t\t\t\t<section class=\"elementor-section elementor-top-section elementor-element elementor-element-f01ae94 elementor-section-boxed elementor-section-height-default elementor-section-height-default\" data-id=\"f01ae94\" data-element_type=\"section\" data-settings=\"{&quot;background_background&quot;:&quot;classic&quot;}\">\n\t\t\t\t\t\t\t<div class=\"elementor-background-overlay\"><\/div>\n\t\t\t\t\t\t\t<div class=\"elementor-container elementor-column-gap-default\">\n\t\t\t\t\t<div class=\"elementor-column elementor-col-100 elementor-top-column elementor-element elementor-element-d85f57c\" data-id=\"d85f57c\" data-element_type=\"column\">\n\t\t\t<div class=\"elementor-widget-wrap elementor-element-populated\">\n\t\t\t\t\t\t<div class=\"elementor-element elementor-element-01f40a0 elementor-widget elementor-widget-heading\" data-id=\"01f40a0\" data-element_type=\"widget\" data-widget_type=\"heading.default\">\n\t\t\t\t<div class=\"elementor-widget-container\">\n\t\t\t\t\t<h2 class=\"elementor-heading-title elementor-size-default\"><br>Nanofibrilles de prot\u00e9ines issues des d\u00e9chets alimentaires pour des cosm\u00e9tiques durables<\/h2>\t\t\t\t<\/div>\n\t\t\t\t<\/div>\n\t\t\t\t\t<\/div>\n\t\t<\/div>\n\t\t\t\t\t<\/div>\n\t\t<\/section>\n\t\t\t\t<section class=\"elementor-section elementor-top-section elementor-element elementor-element-01f39c6 elementor-section-boxed elementor-section-height-default elementor-section-height-default\" data-id=\"01f39c6\" data-element_type=\"section\">\n\t\t\t\t\t\t<div class=\"elementor-container elementor-column-gap-default\">\n\t\t\t\t\t<div class=\"elementor-column elementor-col-100 elementor-top-column elementor-element elementor-element-94284f8\" data-id=\"94284f8\" data-element_type=\"column\">\n\t\t\t<div class=\"elementor-widget-wrap elementor-element-populated\">\n\t\t\t\t\t\t<div class=\"elementor-element elementor-element-5d0efa0 elementor-widget elementor-widget-text-editor\" data-id=\"5d0efa0\" data-element_type=\"widget\" data-widget_type=\"text-editor.default\">\n\t\t\t\t<div class=\"elementor-widget-container\">\n\t\t\t\t\t\t\t\t\t<p>par Mohammad Peydayesh<\/p>\t\t\t\t\t\t\t\t<\/div>\n\t\t\t\t<\/div>\n\t\t\t\t\t<\/div>\n\t\t<\/div>\n\t\t\t\t\t<\/div>\n\t\t<\/section>\n\t\t\t\t<section class=\"elementor-section elementor-top-section elementor-element elementor-element-cd05887 elementor-section-boxed elementor-section-height-default elementor-section-height-default\" data-id=\"cd05887\" data-element_type=\"section\">\n\t\t\t\t\t\t<div class=\"elementor-container elementor-column-gap-default\">\n\t\t\t\t\t<div class=\"elementor-column elementor-col-100 elementor-top-column elementor-element elementor-element-71d6669\" data-id=\"71d6669\" data-element_type=\"column\">\n\t\t\t<div class=\"elementor-widget-wrap elementor-element-populated\">\n\t\t\t\t\t\t<div class=\"elementor-element elementor-element-3f5769c elementor-widget elementor-widget-image\" data-id=\"3f5769c\" data-element_type=\"widget\" data-widget_type=\"image.default\">\n\t\t\t\t<div class=\"elementor-widget-container\">\n\t\t\t\t\t\t\t\t\t\t\t\t\t\t\t<img fetchpriority=\"high\" decoding=\"async\" width=\"768\" height=\"433\" src=\"https:\/\/www.swissfoodecosystems.ch\/wp-content\/uploads\/2024\/12\/Capture-decran-2024-12-30-a-17.56.53-768x433.png\" class=\"attachment-medium_large size-medium_large wp-image-37218\" alt=\"\" srcset=\"https:\/\/www.swissfoodecosystems.ch\/wp-content\/uploads\/2024\/12\/Capture-decran-2024-12-30-a-17.56.53-768x433.png 768w, https:\/\/www.swissfoodecosystems.ch\/wp-content\/uploads\/2024\/12\/Capture-decran-2024-12-30-a-17.56.53-300x169.png 300w, https:\/\/www.swissfoodecosystems.ch\/wp-content\/uploads\/2024\/12\/Capture-decran-2024-12-30-a-17.56.53-1024x577.png 1024w, https:\/\/www.swissfoodecosystems.ch\/wp-content\/uploads\/2024\/12\/Capture-decran-2024-12-30-a-17.56.53-1536x865.png 1536w, https:\/\/www.swissfoodecosystems.ch\/wp-content\/uploads\/2024\/12\/Capture-decran-2024-12-30-a-17.56.53.png 1548w\" sizes=\"(max-width: 768px) 100vw, 768px\" \/>\t\t\t\t\t\t\t\t\t\t\t\t\t\t\t<\/div>\n\t\t\t\t<\/div>\n\t\t\t\t<div class=\"elementor-element elementor-element-3382491 elementor-widget elementor-widget-text-editor\" data-id=\"3382491\" data-element_type=\"widget\" data-widget_type=\"text-editor.default\">\n\t\t\t\t<div class=\"elementor-widget-container\">\n\t\t\t\t\t\t\t\t\t<div class=\"flex max-w-full flex-col flex-grow\"><div class=\"min-h-8 text-message flex w-full flex-col items-end gap-2 whitespace-normal break-words text-start [.text-message+&amp;]:mt-5\" dir=\"auto\" data-message-author-role=\"assistant\" data-message-id=\"04ef230d-54e0-4712-85ad-bcb6c4453695\" data-message-model-slug=\"gpt-4o\"><div class=\"flex w-full flex-col gap-1 empty:hidden first:pt-[3px]\"><div class=\"markdown prose w-full break-words dark:prose-invert light\"><p data-start=\"96\" data-end=\"597\">Cette id\u00e9e innovante vise \u00e0 exploiter le potentiel des <strong data-start=\"151\" data-end=\"215\">nanofibrilles de prot\u00e9ines d\u00e9riv\u00e9es des d\u00e9chets alimentaires<\/strong> et \u00e0 les valoriser pour des applications cosm\u00e9tiques. L\u2019industrie agroalimentaire g\u00e9n\u00e8re une quantit\u00e9 significative de d\u00e9chets et de sous-produits contenant des prot\u00e9ines pr\u00e9cieuses, telles que le lactos\u00e9rum, les prot\u00e9ines v\u00e9g\u00e9tales et la k\u00e9ratine. Ces prot\u00e9ines peuvent \u00eatre transform\u00e9es pour enrichir des produits cosm\u00e9tiques tels que les shampoings, les cr\u00e8mes et les masques.<\/p><p data-start=\"599\" data-end=\"1092\">La transformation et l\u2019auto-assemblage de ces prot\u00e9ines en <strong data-start=\"658\" data-end=\"675\">nanofibrilles<\/strong> offrent de nombreux avantages. Gr\u00e2ce \u00e0 leur <strong data-start=\"720\" data-end=\"752\">rapport surface\/volume \u00e9lev\u00e9<\/strong>, ces structures am\u00e9liorent leur interaction avec la peau et les cheveux, optimisant ainsi leur efficacit\u00e9 dans les applications cosm\u00e9tiques. De plus, la surface externe des nanofibrilles est riche en <strong data-start=\"953\" data-end=\"981\">acides amin\u00e9s essentiels<\/strong>, ce qui renforce leur valeur nutritionnelle et leurs performances dans les formulations cosm\u00e9tiques finales.<\/p><p data-start=\"1094\" data-end=\"1707\">Ce projet constitue une <strong data-start=\"1118\" data-end=\"1140\">strat\u00e9gie gagnante<\/strong> pour les industries agroalimentaire et cosm\u00e9tique. Pour l\u2019industrie alimentaire, certaines prot\u00e9ines issues des d\u00e9chets, comme la k\u00e9ratine, sont <strong data-start=\"1286\" data-end=\"1305\">non comestibles<\/strong>, tandis que d\u2019autres sous-produits contiennent des <strong data-start=\"1357\" data-end=\"1387\">compos\u00e9s antinutritionnels<\/strong> comme l\u2019acide phytique, ce qui rend difficile leur r\u00e9introduction dans la cha\u00eene alimentaire. Toutefois, d\u2019autres composants pr\u00e9cieux pr\u00e9sents dans les d\u00e9chets alimentaires, notamment <strong data-start=\"1572\" data-end=\"1627\">les lipides, les polyph\u00e9nols et les polysaccharides<\/strong>, peuvent \u00eatre efficacement utilis\u00e9s dans les soins de la peau et des cheveux.<\/p><p data-start=\"1709\" data-end=\"2092\">En <strong data-start=\"1712\" data-end=\"1762\">r\u00e9utilisant ces prot\u00e9ines dans les cosm\u00e9tiques<\/strong>, il devient possible de <strong data-start=\"1787\" data-end=\"1818\">r\u00e9duire l\u2019empreinte carbone<\/strong> associ\u00e9e aux d\u00e9chets alimentaires. Plut\u00f4t que d\u2019\u00eatre enfouis ou incin\u00e9r\u00e9s, ces d\u00e9chets sont transform\u00e9s en <strong data-start=\"1926\" data-end=\"1962\">produits de haute valeur ajout\u00e9e<\/strong>, b\u00e9n\u00e9ficiant ainsi \u00e0 l\u2019environnement et permettant \u00e0 l\u2019industrie agroalimentaire de maximiser l\u2019exploitation de ses ressources.<\/p><p data-start=\"2094\" data-end=\"2575\" data-is-last-node=\"\">De plus, cette initiative a un <strong data-start=\"2125\" data-end=\"2169\">impact majeur sur l\u2019industrie cosm\u00e9tique<\/strong>, en favorisant le d\u00e9veloppement de produits <strong data-start=\"2214\" data-end=\"2265\">plus durables et respectueux de l\u2019environnement<\/strong>. L\u2019int\u00e9gration des nanofibrilles de prot\u00e9ines d\u00e9riv\u00e9es des d\u00e9chets alimentaires dans les formulations cosm\u00e9tiques permet aux entreprises de proposer des <strong data-start=\"2419\" data-end=\"2453\">produits naturels et efficaces<\/strong>, r\u00e9pondant \u00e0 une demande croissante des consommateurs pour des choix \u00e9coresponsables et des pratiques de beaut\u00e9 durables.<\/p><\/div><\/div><\/div><\/div>\t\t\t\t\t\t\t\t<\/div>\n\t\t\t\t<\/div>\n\t\t\t\t\t<\/div>\n\t\t<\/div>\n\t\t\t\t\t<\/div>\n\t\t<\/section>\n\t\t\t\t<section class=\"elementor-section elementor-top-section elementor-element elementor-element-5524c38 elementor-section-boxed elementor-section-height-default elementor-section-height-default\" data-id=\"5524c38\" data-element_type=\"section\">\n\t\t\t\t\t\t\t<div class=\"elementor-background-overlay\"><\/div>\n\t\t\t\t\t\t\t<div class=\"elementor-container elementor-column-gap-default\">\n\t\t\t\t\t<div class=\"elementor-column elementor-col-100 elementor-top-column elementor-element elementor-element-9bc6571\" data-id=\"9bc6571\" data-element_type=\"column\">\n\t\t\t<div class=\"elementor-widget-wrap elementor-element-populated\">\n\t\t\t\t\t\t<div class=\"elementor-element elementor-element-1b7cf3e elementor-widget elementor-widget-text-editor\" data-id=\"1b7cf3e\" data-element_type=\"widget\" data-widget_type=\"text-editor.default\">\n\t\t\t\t<div class=\"elementor-widget-container\">\n\t\t\t\t\t\t\t\t\t<p data-start=\"0\" data-end=\"49\"><strong data-start=\"0\" data-end=\"47\">Pourquoi votre id\u00e9e\/projet est-il radical ?<\/strong><\/p><p data-start=\"51\" data-end=\"628\">Le caract\u00e8re radical de cette id\u00e9e repose sur plusieurs aspects cl\u00e9s. Tout d\u2019abord, elle exploite les nanofibrilles de prot\u00e9ines d\u00e9riv\u00e9es des d\u00e9chets alimentaires pour des applications cosm\u00e9tiques, r\u00e9volutionnant ainsi la mani\u00e8re dont les ingr\u00e9dients sont sourc\u00e9s dans l\u2019industrie cosm\u00e9tique. La transformation et l\u2019auto-assemblage des prot\u00e9ines en nanofibrilles cr\u00e9ent une nouvelle classe de biomat\u00e9riaux dot\u00e9e d\u2019un rapport surface\/volume \u00e9lev\u00e9 et d\u2019un profil diversifi\u00e9 en acides amin\u00e9s, am\u00e9liorant ainsi l\u2019efficacit\u00e9 et la performance des produits cosm\u00e9tiques.<\/p><p data-start=\"630\" data-end=\"1119\">Ensuite, cette approche favorise une utilisation durable des ressources en r\u00e9utilisant les prot\u00e9ines issues des d\u00e9chets alimentaires, contribuant ainsi \u00e0 r\u00e9duire la production de d\u00e9chets et \u00e0 \u00e9tablir une \u00e9conomie circulaire entre les industries agroalimentaire et cosm\u00e9tique. De plus, elle r\u00e9sout le probl\u00e8me du recyclage des prot\u00e9ines non comestibles ou contenant des compos\u00e9s antinutritionnels, qui ne peuvent pas \u00eatre facilement r\u00e9int\u00e9gr\u00e9es dans la cha\u00eene alimentaire.<\/p><p data-start=\"1121\" data-end=\"1375\">En r\u00e9imaginant le potentiel des prot\u00e9ines issues des d\u00e9chets alimentaires pour les cosm\u00e9tiques, cette innovation ouvre la voie \u00e0 un changement transformateur, apportant des avantages \u00e0 la fois pour l\u2019environnement et pour les industries concern\u00e9es.<\/p><p data-start=\"1377\" data-end=\"1543\"><strong data-start=\"1377\" data-end=\"1541\">Qui sont les acteurs et parties prenantes de votre id\u00e9e et comment allez-vous interagir avec vos clients et utilisateurs potentiels pendant la phase du projet ?<\/strong><\/p><p data-start=\"1545\" data-end=\"1762\">Les principales parties prenantes sont le Food and Soft Materials Lab (FSM) de l\u2019ETH Zurich, Mibelle Group, ZHAW et des entreprises agroalimentaires telles que ELSA-MIFROMA, Fredag et Frigemo Fenaco.<\/p><p data-start=\"1764\" data-end=\"1805\">Les principaux acteurs impliqu\u00e9s sont :<\/p><ul data-start=\"1806\" data-end=\"2078\"><li data-start=\"1806\" data-end=\"1923\">FSM Lab, ETH Zurich : Mohammad Peydayesh, Massimo Bagnani et Raffaele Mezzenga, inventeurs de la technologie.<\/li><li data-start=\"1924\" data-end=\"2011\">Mibelle Group : Michael Peck, responsable du d\u00e9veloppement des produits en R&amp;D.<\/li><li data-start=\"2012\" data-end=\"2078\">ZHAW : Petra Huber, experte en cosm\u00e9tiques et toxicologie.<\/li><\/ul><p data-start=\"2080\" data-end=\"2195\">Durant la phase du projet, l\u2019\u00e9quipe interagira avec les clients et utilisateurs potentiels par plusieurs moyens :<\/p><ol data-start=\"2196\" data-end=\"2834\"><li data-start=\"2196\" data-end=\"2344\">\u00c9tudes de march\u00e9 : analyse des tendances de recherche, enqu\u00eates et \u00e9tudes consommateurs pour comprendre la demande en cosm\u00e9tiques durables.<\/li><li data-start=\"2345\" data-end=\"2508\">Tests des produits : participation des clients potentiels pour \u00e9valuer la performance, la s\u00e9curit\u00e9 et l\u2019exp\u00e9rience utilisateur des cosm\u00e9tiques d\u00e9velopp\u00e9s.<\/li><li data-start=\"2509\" data-end=\"2657\">Collaboration avec les fabricants de cosm\u00e9tiques : co-cr\u00e9ation des formulations afin de garantir qu\u2019elles r\u00e9pondent aux attentes du march\u00e9.<\/li><li data-start=\"2658\" data-end=\"2834\">Campagnes digitales : sensibilisation du public aux bienfaits des ingr\u00e9dients innovants et des pratiques de beaut\u00e9 durable pour promouvoir une consommation consciente.<\/li><\/ol><p data-start=\"2836\" data-end=\"2920\"><strong data-start=\"2836\" data-end=\"2918\">Quelles comp\u00e9tences l\u2019\u00e9quipe apporte-t-elle pour concr\u00e9tiser l\u2019id\u00e9e propos\u00e9e ?<\/strong><\/p><ul data-start=\"2922\" data-end=\"3959\"><li data-start=\"2922\" data-end=\"3053\">ETH Zurich \u2013 FSM Lab : expertise en extraction des prot\u00e9ines, transformation en nanofibrilles et d\u00e9veloppement de proc\u00e9d\u00e9s.<\/li><li data-start=\"3054\" data-end=\"3504\">Nanotechnologie, ing\u00e9nierie des prot\u00e9ines et science des formulations :<ul data-start=\"3136\" data-end=\"3504\"><li data-start=\"3136\" data-end=\"3250\">Mohammad Peydayesh (ing\u00e9nieur chimiste) : sp\u00e9cialis\u00e9 en durabilit\u00e9 des proc\u00e9d\u00e9s et en analyse du cycle de vie.<\/li><li data-start=\"3253\" data-end=\"3374\">Massimo Bagnani (ing\u00e9nieur biom\u00e9dical) : expert en auto-assemblage des prot\u00e9ines et en d\u00e9veloppement de biomat\u00e9riaux.<\/li><li data-start=\"3377\" data-end=\"3504\">Raffaele Mezzenga (professeur de mat\u00e9riaux mous) : pionnier dans le d\u00e9veloppement de mat\u00e9riaux avanc\u00e9s \u00e0 base de prot\u00e9ines.<\/li><\/ul><\/li><li data-start=\"3505\" data-end=\"3796\">Industrie cosm\u00e9tique :<ul data-start=\"3538\" data-end=\"3796\"><li data-start=\"3538\" data-end=\"3666\">Michael Peck (responsable R&amp;D, Mibelle Group) : sp\u00e9cialiste de l\u2019innovation et de la production industrielle de cosm\u00e9tiques.<\/li><li data-start=\"3669\" data-end=\"3796\">Petra Huber (pharmacienne et chercheuse) : exp\u00e9rience dans la recherche et l\u2019innovation en cosm\u00e9tiques (ex. L\u2019Or\u00e9al Group).<\/li><\/ul><\/li><li data-start=\"3797\" data-end=\"3959\">Partenaires industriels agroalimentaires : apportent une connaissance approfondie des flux de d\u00e9chets alimentaires et un acc\u00e8s aux prot\u00e9ines valorisables.<\/li><\/ul><p data-start=\"3961\" data-end=\"4064\"><strong data-start=\"3961\" data-end=\"4062\">D\u00e9crivez l\u2019impact de votre id\u00e9e\/projet sur la durabilit\u00e9 (\u00e9conomique, sociale, environnementale).<\/strong><\/p><ul data-start=\"4066\" data-end=\"5212\"><li data-start=\"4066\" data-end=\"4413\">\u00c9conomique : cette id\u00e9e cr\u00e9e de nouvelles opportunit\u00e9s de march\u00e9 et des sources de revenus alternatives en convertissant des d\u00e9chets alimentaires en ingr\u00e9dients cosm\u00e9tiques \u00e0 haute valeur ajout\u00e9e. Elle stimule \u00e9galement l\u2019innovation et la transformation du secteur cosm\u00e9tique vers des pratiques plus durables et \u00e9conomes en ressources.<\/li><li data-start=\"4414\" data-end=\"4620\">Social : elle favorise le d\u00e9veloppement de pratiques de beaut\u00e9 durables, offrant aux consommateurs des alternatives \u00e9cologiques et efficaces, tout en sensibilisant \u00e0 la consommation responsable.<\/li><li data-start=\"4621\" data-end=\"5212\">Environnemental : elle r\u00e9duit les \u00e9missions de gaz \u00e0 effet de serre et soulage les syst\u00e8mes de gestion des d\u00e9chets en d\u00e9tournant les d\u00e9chets alimentaires des d\u00e9charges et de l\u2019incin\u00e9ration. Par exemple, l\u2019industrie avicole g\u00e9n\u00e8re 40 millions de tonnes de plumes de poulet par an, un sous-produit largement sous-utilis\u00e9 en raison de sa lente biod\u00e9gradation et de son faible int\u00e9r\u00eat nutritionnel. Son incin\u00e9ration lib\u00e8re des gaz soufr\u00e9s nocifs. La valorisation de la k\u00e9ratine contenue dans ces plumes permet de produire des cosm\u00e9tiques verts et d\u2019\u00e9viter ces pollutions.<\/li><\/ul><p data-start=\"5214\" data-end=\"5581\">L\u2019int\u00e9gration des nanofibrilles de prot\u00e9ines issues des d\u00e9chets alimentaires am\u00e9liore la performance des cosm\u00e9tiques tout en r\u00e9duisant leur empreinte carbone. En encourageant une \u00e9conomie circulaire, ce projet transforme les d\u00e9chets en ressources pr\u00e9cieuses, conservant ainsi les mati\u00e8res premi\u00e8res et minimisant l\u2019impact environnemental de l\u2019industrie.<\/p><p data-start=\"5583\" data-end=\"5674\"><strong data-start=\"5583\" data-end=\"5672\">Comment utiliserez-vous les fonds potentiellement accord\u00e9s par l\u2019Innovation Booster ?<\/strong><\/p><p data-start=\"5676\" data-end=\"5724\">Ce projet comprend trois axes de travail :<\/p><ol data-start=\"5726\" data-end=\"6678\"><li data-start=\"5726\" data-end=\"6190\"><p data-start=\"5729\" data-end=\"5791\">D\u00e9veloppement de nouveaux cosm\u00e9tiques (WP1) \u2013 10 000 CHF<\/p><ul data-start=\"5795\" data-end=\"6190\"><li data-start=\"5795\" data-end=\"5949\">D\u00e9veloppement de films et de rev\u00eatements pour la peau et les cheveux contenant les nanofibrilles de prot\u00e9ines comme ingr\u00e9dients actifs principaux.<\/li><li data-start=\"5953\" data-end=\"6083\">\u00c9valuation de diff\u00e9rentes formulations pour tester les effets synergiques des nanofibrilles et d\u2019autres ingr\u00e9dients bioactifs.<\/li><li data-start=\"6087\" data-end=\"6190\">Budget allou\u00e9 \u00e0 l\u2019achat de mati\u00e8res premi\u00e8res et aux co\u00fbts de caract\u00e9risation et de transformation.<\/li><\/ul><\/li><li data-start=\"6192\" data-end=\"6379\"><p data-start=\"6195\" data-end=\"6244\">Tests et caract\u00e9risation (WP2) \u2013 20 000 CHF<\/p><ul data-start=\"6248\" data-end=\"6379\"><li data-start=\"6248\" data-end=\"6312\">\u00c9valuation de la stabilit\u00e9 et des performances des produits.<\/li><li data-start=\"6316\" data-end=\"6379\">Comparaison avec les cosm\u00e9tiques disponibles sur le march\u00e9.<\/li><\/ul><\/li><li data-start=\"6381\" data-end=\"6678\"><p data-start=\"6384\" data-end=\"6451\">Production pilote \u00e0 l\u2019\u00e9chelle industrielle (WP3) \u2013 10 000 CHF<\/p><ul data-start=\"6455\" data-end=\"6678\"><li data-start=\"6455\" data-end=\"6581\">Bas\u00e9 sur les r\u00e9sultats des WP1 et WP2, les partenaires industriels testeront la production pilote de nouveaux cosm\u00e9tiques.<\/li><li data-start=\"6585\" data-end=\"6678\">Analyse de la faisabilit\u00e9 industrielle des formulations et des ingr\u00e9dients innovants.<\/li><\/ul><\/li><\/ol><p data-start=\"6680\" data-end=\"6823\"><strong data-start=\"6680\" data-end=\"6821\">Votre projet s\u2019est d\u00e9velopp\u00e9 avec succ\u00e8s pendant la p\u00e9riode de financement de l\u2019Innovation Booster, quelle serait votre prochaine \u00e9tape ?<\/strong><\/p><p data-start=\"6825\" data-end=\"6988\">Apr\u00e8s le succ\u00e8s de ce projet Innobooster, notre objectif est d\u2019introduire cette technologie sur le march\u00e9 via la cr\u00e9ation d\u2019une spin-off de l\u2019ETH Zurich.<\/p><p data-start=\"6990\" data-end=\"7009\">Pour cela, nous :<\/p><ul data-start=\"7010\" data-end=\"7461\"><li data-start=\"7010\" data-end=\"7115\">\u00c9valuerons le potentiel commercial de ces nouveaux mat\u00e9riaux en d\u00e9veloppant un business case.<\/li><li data-start=\"7116\" data-end=\"7215\">Travaillerons avec des partenaires strat\u00e9giques du secteur cosm\u00e9tique, comme Mibelle Group.<\/li><li data-start=\"7216\" data-end=\"7461\">Solliciterons des financements suppl\u00e9mentaires pour acc\u00e9l\u00e9rer l\u2019industrialisation, via :<ul data-start=\"7315\" data-end=\"7461\"><li data-start=\"7315\" data-end=\"7387\">Investisseurs priv\u00e9s (business angels, fonds de capital-risque).<\/li><li data-start=\"7390\" data-end=\"7461\">Financements publics (Fonds national suisse &#8211; SNF, Innosuisse).<\/li><\/ul><\/li><\/ul><p data-start=\"7463\" data-end=\"7501\">Les fonds additionnels serviront \u00e0 :<\/p><ul data-start=\"7502\" data-end=\"7786\"><li data-start=\"7502\" data-end=\"7577\">Augmenter la production des nanofibrilles \u00e0 l\u2019\u00e9chelle industrielle.<\/li><li data-start=\"7578\" data-end=\"7670\">D\u00e9velopper une gamme diversifi\u00e9e de cosm\u00e9tiques (lotions, s\u00e9rums, apr\u00e8s-shampoings).<\/li><li data-start=\"7671\" data-end=\"7786\">Renforcer notre \u00e9quipe pour assurer la mise sur le march\u00e9 et la commercialisation de ces produits durables.<\/li><\/ul><p data-start=\"7788\" data-end=\"8080\" data-is-last-node=\"\">Cette innovation repr\u00e9sente une avanc\u00e9e majeure en mati\u00e8re d\u2019\u00e9conomie circulaire, transformant les d\u00e9chets alimentaires en ingr\u00e9dients cosm\u00e9tiques hautement performants, et ouvrant de nouvelles opportunit\u00e9s \u00e9conomiques et \u00e9cologiques pour les industries agroalimentaire et cosm\u00e9tique.<\/p>\t\t\t\t\t\t\t\t<\/div>\n\t\t\t\t<\/div>\n\t\t\t\t\t<\/div>\n\t\t<\/div>\n\t\t\t\t\t<\/div>\n\t\t<\/section>\n\t\t\t\t<\/div>\n\t\t","protected":false},"excerpt":{"rendered":"<p>Nanofibrilles de prot\u00e9ines issues des d\u00e9chets alimentaires pour des cosm\u00e9tiques durables par Mohammad Peydayesh Cette id\u00e9e innovante vise \u00e0 exploiter le potentiel des nanofibrilles de prot\u00e9ines d\u00e9riv\u00e9es des d\u00e9chets alimentaires et \u00e0 les valoriser pour des applications cosm\u00e9tiques. L\u2019industrie agroalimentaire g\u00e9n\u00e8re une quantit\u00e9 significative de d\u00e9chets et de sous-produits contenant des prot\u00e9ines pr\u00e9cieuses, telles que le lactos\u00e9rum, les prot\u00e9ines v\u00e9g\u00e9tales et la k\u00e9ratine. Ces prot\u00e9ines peuvent \u00eatre transform\u00e9es pour enrichir des produits cosm\u00e9tiques tels que les shampoings, les cr\u00e8mes et les masques. La transformation et l\u2019auto-assemblage de ces prot\u00e9ines en nanofibrilles offrent de nombreux avantages. Gr\u00e2ce \u00e0 leur rapport surface\/volume \u00e9lev\u00e9, ces structures am\u00e9liorent leur interaction avec la peau et les cheveux, optimisant ainsi leur efficacit\u00e9 dans les applications cosm\u00e9tiques. De plus, la surface externe des nanofibrilles est riche en acides amin\u00e9s essentiels, ce qui renforce leur valeur nutritionnelle et leurs performances dans les formulations cosm\u00e9tiques finales. Ce projet constitue&hellip;<\/p>\n<p> <a class=\"more-link\" href=\"https:\/\/www.swissfoodecosystems.ch\/fr\/a-propos-2\/\">Read more<\/a><\/p>\n","protected":false},"author":11,"featured_media":32178,"parent":0,"menu_order":0,"comment_status":"closed","ping_status":"closed","template":"","meta":{"footnotes":""},"class_list":["post-37214","page","type-page","status-publish","has-post-thumbnail"],"_links":{"self":[{"href":"https:\/\/www.swissfoodecosystems.ch\/fr\/wp-json\/wp\/v2\/pages\/37214","targetHints":{"allow":["GET"]}}],"collection":[{"href":"https:\/\/www.swissfoodecosystems.ch\/fr\/wp-json\/wp\/v2\/pages"}],"about":[{"href":"https:\/\/www.swissfoodecosystems.ch\/fr\/wp-json\/wp\/v2\/types\/page"}],"author":[{"embeddable":true,"href":"https:\/\/www.swissfoodecosystems.ch\/fr\/wp-json\/wp\/v2\/users\/11"}],"replies":[{"embeddable":true,"href":"https:\/\/www.swissfoodecosystems.ch\/fr\/wp-json\/wp\/v2\/comments?post=37214"}],"version-history":[{"count":7,"href":"https:\/\/www.swissfoodecosystems.ch\/fr\/wp-json\/wp\/v2\/pages\/37214\/revisions"}],"predecessor-version":[{"id":37599,"href":"https:\/\/www.swissfoodecosystems.ch\/fr\/wp-json\/wp\/v2\/pages\/37214\/revisions\/37599"}],"wp:featuredmedia":[{"embeddable":true,"href":"https:\/\/www.swissfoodecosystems.ch\/fr\/wp-json\/wp\/v2\/media\/32178"}],"wp:attachment":[{"href":"https:\/\/www.swissfoodecosystems.ch\/fr\/wp-json\/wp\/v2\/media?parent=37214"}],"curies":[{"name":"wp","href":"https:\/\/api.w.org\/{rel}","templated":true}]}}