{"id":37223,"date":"2025-02-11T14:38:40","date_gmt":"2025-02-11T13:38:40","guid":{"rendered":"https:\/\/www.swissfoodecosystems.ch\/?page_id=37223"},"modified":"2025-02-11T14:41:20","modified_gmt":"2025-02-11T13:41:20","slug":"a-propos-8","status":"publish","type":"page","link":"https:\/\/www.swissfoodecosystems.ch\/fr\/a-propos-8\/","title":{"rendered":"\u00c0 propos"},"content":{"rendered":"\t\t<div data-elementor-type=\"wp-page\" data-elementor-id=\"37223\" class=\"elementor elementor-37223 elementor-37222\" data-elementor-post-type=\"page\">\n\t\t\t\t\t\t<section class=\"elementor-section elementor-top-section elementor-element elementor-element-f01ae94 elementor-section-boxed elementor-section-height-default elementor-section-height-default\" data-id=\"f01ae94\" data-element_type=\"section\" data-settings=\"{&quot;background_background&quot;:&quot;classic&quot;}\">\n\t\t\t\t\t\t\t<div class=\"elementor-background-overlay\"><\/div>\n\t\t\t\t\t\t\t<div class=\"elementor-container elementor-column-gap-default\">\n\t\t\t\t\t<div class=\"elementor-column elementor-col-100 elementor-top-column elementor-element elementor-element-d85f57c\" data-id=\"d85f57c\" data-element_type=\"column\">\n\t\t\t<div class=\"elementor-widget-wrap elementor-element-populated\">\n\t\t\t\t\t\t<div class=\"elementor-element elementor-element-01f40a0 elementor-widget elementor-widget-heading\" data-id=\"01f40a0\" data-element_type=\"widget\" data-widget_type=\"heading.default\">\n\t\t\t\t<div class=\"elementor-widget-container\">\n\t\t\t\t\t<h2 class=\"elementor-heading-title elementor-size-default\"><br>Une tondeuse l\u00e9g\u00e8re pour plus d'efficacit\u00e9 dans les cultures sp\u00e9ciales et les zones en pente<\/h2>\t\t\t\t<\/div>\n\t\t\t\t<\/div>\n\t\t\t\t\t<\/div>\n\t\t<\/div>\n\t\t\t\t\t<\/div>\n\t\t<\/section>\n\t\t\t\t<section class=\"elementor-section elementor-top-section elementor-element elementor-element-01f39c6 elementor-section-boxed elementor-section-height-default elementor-section-height-default\" data-id=\"01f39c6\" data-element_type=\"section\">\n\t\t\t\t\t\t<div class=\"elementor-container elementor-column-gap-default\">\n\t\t\t\t\t<div class=\"elementor-column elementor-col-100 elementor-top-column elementor-element elementor-element-94284f8\" data-id=\"94284f8\" data-element_type=\"column\">\n\t\t\t<div class=\"elementor-widget-wrap elementor-element-populated\">\n\t\t\t\t\t\t<div class=\"elementor-element elementor-element-5d0efa0 elementor-widget elementor-widget-text-editor\" data-id=\"5d0efa0\" data-element_type=\"widget\" data-widget_type=\"text-editor.default\">\n\t\t\t\t<div class=\"elementor-widget-container\">\n\t\t\t\t\t\t\t\t\t<p>par Amadeo Kn\u00fcsel<\/p>\t\t\t\t\t\t\t\t<\/div>\n\t\t\t\t<\/div>\n\t\t\t\t\t<\/div>\n\t\t<\/div>\n\t\t\t\t\t<\/div>\n\t\t<\/section>\n\t\t\t\t<section class=\"elementor-section elementor-top-section elementor-element elementor-element-cd05887 elementor-section-boxed elementor-section-height-default elementor-section-height-default\" data-id=\"cd05887\" data-element_type=\"section\">\n\t\t\t\t\t\t<div class=\"elementor-container elementor-column-gap-default\">\n\t\t\t\t\t<div class=\"elementor-column elementor-col-100 elementor-top-column elementor-element elementor-element-71d6669\" data-id=\"71d6669\" data-element_type=\"column\">\n\t\t\t<div class=\"elementor-widget-wrap elementor-element-populated\">\n\t\t\t\t\t\t<div class=\"elementor-element elementor-element-3f5769c elementor-widget elementor-widget-image\" data-id=\"3f5769c\" data-element_type=\"widget\" data-widget_type=\"image.default\">\n\t\t\t\t<div class=\"elementor-widget-container\">\n\t\t\t\t\t\t\t\t\t\t\t\t\t\t\t<img fetchpriority=\"high\" decoding=\"async\" width=\"768\" height=\"432\" src=\"https:\/\/www.swissfoodecosystems.ch\/wp-content\/uploads\/2024\/12\/Capture-decran-2024-12-31-a-08.29.23-768x432.png\" class=\"attachment-medium_large size-medium_large wp-image-37227\" alt=\"\" srcset=\"https:\/\/www.swissfoodecosystems.ch\/wp-content\/uploads\/2024\/12\/Capture-decran-2024-12-31-a-08.29.23-768x432.png 768w, https:\/\/www.swissfoodecosystems.ch\/wp-content\/uploads\/2024\/12\/Capture-decran-2024-12-31-a-08.29.23-300x169.png 300w, https:\/\/www.swissfoodecosystems.ch\/wp-content\/uploads\/2024\/12\/Capture-decran-2024-12-31-a-08.29.23-1024x576.png 1024w, https:\/\/www.swissfoodecosystems.ch\/wp-content\/uploads\/2024\/12\/Capture-decran-2024-12-31-a-08.29.23-1536x864.png 1536w, https:\/\/www.swissfoodecosystems.ch\/wp-content\/uploads\/2024\/12\/Capture-decran-2024-12-31-a-08.29.23.png 1546w\" sizes=\"(max-width: 768px) 100vw, 768px\" \/>\t\t\t\t\t\t\t\t\t\t\t\t\t\t\t<\/div>\n\t\t\t\t<\/div>\n\t\t\t\t<div class=\"elementor-element elementor-element-3382491 elementor-widget elementor-widget-text-editor\" data-id=\"3382491\" data-element_type=\"widget\" data-widget_type=\"text-editor.default\">\n\t\t\t\t<div class=\"elementor-widget-container\">\n\t\t\t\t\t\t\t\t\t<p data-start=\"0\" data-end=\"269\">Notre hypoth\u00e8se est que la tonte dans les cultures sp\u00e9ciales peut \u00eatre rendue plus efficace, plus pr\u00e9cise et moins co\u00fbteuse gr\u00e2ce \u00e0 des robots l\u00e9gers, autonomes et \u00e9lectriques. Nous souhaitons tester cette hypoth\u00e8se dans le cadre de ce programme d\u2019innovation booster.<\/p><p data-start=\"271\" data-end=\"543\">Lors de la phase d\u2019id\u00e9ation, nous avons \u00e9labor\u00e9 l\u2019id\u00e9e d\u2019entretenir la sant\u00e9 des sols gr\u00e2ce \u00e0 des machines ultra-l\u00e9g\u00e8res. Nous nous sommes concentr\u00e9s sur des solutions permettant de pr\u00e9venir la compaction du sol, l\u2019\u00e9rosion et la surutilisation des engrais et pesticides.<\/p><p data-start=\"545\" data-end=\"1068\">Dans la phase d\u2019incubation, nous avons bri\u00e8vement discut\u00e9 des cas d\u2019usage avec Swiss Food Research, six agriculteurs (2 mara\u00eechers, 2 \u00e9leveurs laitiers, 1 producteur de baies, 1 arboriculteur) et trois experts agricoles (en arboriculture fruiti\u00e8re et viticulture). Ces discussions ont r\u00e9v\u00e9l\u00e9 que le plus grand potentiel de march\u00e9 se trouve actuellement dans les machines permettant la culture de cultures sp\u00e9ciales, telles que les fruits, l\u00e9gumes, vignes et herbes aromatiques, qui ont une forte valeur ajout\u00e9e en Suisse.<\/p><p data-start=\"1070\" data-end=\"1248\">Dans la prochaine phase, nous devons approfondir les besoins sp\u00e9cifiques des agriculteurs en cultures sp\u00e9ciales, tout en analysant les technologies existantes et leurs limites.<\/p><p data-start=\"1250\" data-end=\"1315\"><strong>Cas d\u2019usage : la tonte entre les vignes et les arbres fruitiers<\/strong><\/p><p data-start=\"1317\" data-end=\"1421\">Dans ces cultures, l\u2019herbe perturbe la production efficace des fruits pour trois raisons principales :<\/p><ol data-start=\"1423\" data-end=\"1980\"><li data-start=\"1423\" data-end=\"1579\">L\u2019herbe retient l\u2019humidit\u00e9, favorisant ainsi le d\u00e9veloppement des maladies fongiques, ce qui entra\u00eene une augmentation de l\u2019utilisation des fongicides.<\/li><li data-start=\"1580\" data-end=\"1793\">L\u2019herbe absorbe les nutriments disponibles (engrais), r\u00e9duisant ainsi leur disponibilit\u00e9 pour la production fruiti\u00e8re. En cons\u00e9quence, davantage d\u2019engrais doivent \u00eatre appliqu\u00e9s pour maintenir les rendements.<\/li><li data-start=\"1794\" data-end=\"1980\">L\u2019herbe favorise la prolif\u00e9ration des populations de rongeurs. Ces derniers endommagent les racines des arbres fruitiers, r\u00e9duisant leur capacit\u00e9 \u00e0 absorber l\u2019eau et les nutriments.<\/li><\/ol><p data-start=\"1982\" data-end=\"2224\">Aujourd\u2019hui, l\u2019herbe est souvent \u00e9limin\u00e9e avec des herbicides comme le glyphosate, ce qui laisse le sol \u00e0 nu. Dans les zones pentues, cela entra\u00eene une \u00e9rosion accrue lors des fortes pluies. En revanche, l\u2019herbe tondue stabiliserait le sol.<\/p><p data-start=\"2226\" data-end=\"2303\">Les d\u00e9fis de la tonte entre les arbres et les vignes (Unterstockbehandlung)<\/p><ul data-start=\"2305\" data-end=\"2947\"><li data-start=\"2305\" data-end=\"2370\">Le manque de temps des agriculteurs pour une tonte r\u00e9guli\u00e8re.<\/li><li data-start=\"2371\" data-end=\"2513\">Les machines actuelles ne peuvent pas tondre directement au pied des troncs, laissant une zone humide qui favorise les maladies fongiques.<\/li><li data-start=\"2514\" data-end=\"2598\">Le manque de pr\u00e9cision des machines entra\u00eene des dommages aux troncs des arbres.<\/li><li data-start=\"2599\" data-end=\"2701\">Les terrains trop pentus emp\u00eachent l\u2019utilisation de tondeuses classiques (ex. vignobles en pente).<\/li><li data-start=\"2702\" data-end=\"2864\">Les sols trop humides rendent le passage des machines impossible, alors que les herbicides peuvent toujours \u00eatre appliqu\u00e9s \u00e0 l\u2019aide d\u2019un pulv\u00e9risateur dorsal.<\/li><li data-start=\"2865\" data-end=\"2947\">Les tuyaux d\u2019irrigation sont souvent endommag\u00e9s lors du passage des tondeuses.<\/li><\/ul><p data-start=\"2949\" data-end=\"3114\" data-is-last-node=\"\">Ce cas d\u2019usage est un exemple parmi d\u2019autres. D\u2019autres cas doivent \u00eatre explor\u00e9s avec les agriculteurs pour mieux comprendre leurs besoins et affiner notre solution.<\/p>\t\t\t\t\t\t\t\t<\/div>\n\t\t\t\t<\/div>\n\t\t\t\t\t<\/div>\n\t\t<\/div>\n\t\t\t\t\t<\/div>\n\t\t<\/section>\n\t\t\t\t<section class=\"elementor-section elementor-top-section elementor-element elementor-element-5524c38 elementor-section-boxed elementor-section-height-default elementor-section-height-default\" data-id=\"5524c38\" data-element_type=\"section\">\n\t\t\t\t\t\t\t<div class=\"elementor-background-overlay\"><\/div>\n\t\t\t\t\t\t\t<div class=\"elementor-container elementor-column-gap-default\">\n\t\t\t\t\t<div class=\"elementor-column elementor-col-100 elementor-top-column elementor-element elementor-element-9bc6571\" data-id=\"9bc6571\" data-element_type=\"column\">\n\t\t\t<div class=\"elementor-widget-wrap elementor-element-populated\">\n\t\t\t\t\t\t<div class=\"elementor-element elementor-element-1b7cf3e elementor-widget elementor-widget-text-editor\" data-id=\"1b7cf3e\" data-element_type=\"widget\" data-widget_type=\"text-editor.default\">\n\t\t\t\t<div class=\"elementor-widget-container\">\n\t\t\t\t\t\t\t\t\t<p data-start=\"0\" data-end=\"307\"><strong data-start=\"0\" data-end=\"47\">Pourquoi votre id\u00e9e\/projet est-il radical ?<\/strong><br data-start=\"47\" data-end=\"50\" \/>Tout d\u2019abord, les machines agricoles actuelles sont lourdes, puissantes et donc co\u00fbteuses. Elles ne peuvent pas \u00eatre \u00e9lectrifi\u00e9es \u00e0 bas co\u00fbt en raison de leur poids \u00e9lev\u00e9. En introduisant des machines l\u00e9g\u00e8res, l\u2019efficacit\u00e9 \u00e9conomique peut \u00eatre am\u00e9lior\u00e9e :<\/p><ul data-start=\"309\" data-end=\"614\"><li data-start=\"309\" data-end=\"496\">Moins de poids permet d\u2019utiliser des moteurs plus petits et moins chers ainsi que des batteries plus compactes, ce qui conduit \u00e0 un v\u00e9hicule globalement plus \u00e9conomique et \u00e9cologique.<\/li><li data-start=\"497\" data-end=\"614\">Un poids r\u00e9duit implique \u00e9galement moins de pr\u00e9occupations en mati\u00e8re de s\u00e9curit\u00e9 lors de l\u2019utilisation autonome.<\/li><\/ul><p data-start=\"616\" data-end=\"886\">Ensuite, les grandes machines agricoles sont limit\u00e9es aux terrains plats et homog\u00e8nes, d\u00e9pourvus d\u2019obstacles. En revanche, des machines agricoles autonomes, petites et l\u00e9g\u00e8res permettent de cultiver des cultures \u00e9cologiques et d\u2019optimiser l\u2019utilisation des ressources.<\/p><p data-start=\"888\" data-end=\"1109\">Enfin, les agriculteurs ont une charge de travail importante. L\u2019automatisation de certaines t\u00e2ches par des machines autonomes permet de r\u00e9duire cette charge et de rendre le m\u00e9tier plus attractif et tourn\u00e9 vers l\u2019avenir.<\/p><p data-start=\"1111\" data-end=\"1677\"><strong data-start=\"1111\" data-end=\"1275\">Qui sont les acteurs et parties prenantes de votre id\u00e9e et comment allez-vous interagir avec vos clients et utilisateurs potentiels pendant la phase du projet ?<\/strong><br data-start=\"1275\" data-end=\"1278\" \/>Nos clients et utilisateurs potentiels sont les agriculteurs sp\u00e9cialis\u00e9s dans les cultures sp\u00e9ciales. Nous utiliserons notre r\u00e9seau existant ainsi que celui de notre partenaire scientifique pour leur pr\u00e9senter notre concept et un prototype existant. L\u2019objectif est d\u2019identifier les freins \u00e0 leur efficacit\u00e9 dans le cadre de leur exploitation actuelle et de recueillir leurs retours sur notre id\u00e9e.<\/p><p data-start=\"1679\" data-end=\"2024\">Par la suite, nous aimerions approfondir ces concepts avec des agriculteurs s\u00e9lectionn\u00e9s lors de la premi\u00e8re phase. Si certaines id\u00e9es n\u00e9cessitent des recherches scientifiques suppl\u00e9mentaires, nous solliciterons un institut de recherche sp\u00e9cialis\u00e9 (par exemple, pour l\u2019optimisation de la tonte tout en minimisant les impacts sur les insectes).<\/p><p data-start=\"2026\" data-end=\"2110\"><strong data-start=\"2026\" data-end=\"2108\">Quelles comp\u00e9tences l\u2019\u00e9quipe apporte-t-elle pour concr\u00e9tiser l\u2019id\u00e9e propos\u00e9e ?<\/strong><\/p><ul data-start=\"2112\" data-end=\"2826\"><li data-start=\"2112\" data-end=\"2240\"><p data-start=\"2114\" data-end=\"2240\"><strong data-start=\"2114\" data-end=\"2131\">Amadeo Kn\u00fcsel<\/strong> \u2013 MSc en G\u00e9nie M\u00e9canique, ETH Z\u00fcrich<br data-start=\"2168\" data-end=\"2171\" \/>Exp\u00e9rience pratique en ing\u00e9nierie m\u00e9canique et gestion de projet.<\/p><\/li><li data-start=\"2242\" data-end=\"2438\"><p data-start=\"2244\" data-end=\"2438\"><strong data-start=\"2244\" data-end=\"2261\">Stefan Gisler<\/strong> \u2013 MSc en G\u00e9nie M\u00e9canique, ETH Z\u00fcrich, MAS en Ing\u00e9nierie Logicielle, FH Ost<br data-start=\"2336\" data-end=\"2339\" \/>Sp\u00e9cialiste des technologies de capteurs, des solutions autonomes et du d\u00e9veloppement logiciel.<\/p><\/li><li data-start=\"2440\" data-end=\"2634\"><p data-start=\"2442\" data-end=\"2634\"><strong data-start=\"2442\" data-end=\"2459\">H\u00e9l\u00e8ne Renaux<\/strong> \u2013 MSc en Sciences Agricoles, ETH Z\u00fcrich<br data-start=\"2499\" data-end=\"2502\" \/>Poss\u00e8de des contacts avec divers agriculteurs, facilitant l\u2019identification d\u2019un cas d\u2019usage pertinent pour la pratique agricole.<\/p><\/li><li data-start=\"2636\" data-end=\"2826\"><p data-start=\"2638\" data-end=\"2826\"><strong data-start=\"2638\" data-end=\"2654\">Martin Bauer<\/strong> \u2013 MSc en Microtechnique, EPFL, chercheur associ\u00e9 \u00e0 la BFH-HAFL<br data-start=\"2717\" data-end=\"2720\" \/>A men\u00e9 des recherches sur la lutte contre les mauvaises herbes sans utilisation de produits chimiques.<\/p><\/li><\/ul><p data-start=\"2828\" data-end=\"2931\"><strong data-start=\"2828\" data-end=\"2929\">D\u00e9crivez l\u2019impact de votre id\u00e9e\/projet sur la durabilit\u00e9 (\u00e9conomique, sociale, environnementale).<\/strong><\/p><ul data-start=\"2933\" data-end=\"3940\"><li data-start=\"2933\" data-end=\"3145\"><strong data-start=\"2935\" data-end=\"2949\">\u00c9conomique<\/strong> : Les machines autonomes, \u00e9lectriques et l\u00e9g\u00e8res co\u00fbtent moins cher \u00e0 produire et peuvent donc \u00eatre vendues \u00e0 un prix inf\u00e9rieur par rapport aux machines lourdes aux fonctionnalit\u00e9s comparables.<\/li><li data-start=\"3146\" data-end=\"3622\"><strong data-start=\"3148\" data-end=\"3167\">Environnemental<\/strong> : Nos machines sont \u00e9co\u00e9nerg\u00e9tiques gr\u00e2ce \u00e0 leur faible poids et leur motorisation \u00e9lectrique. En identifiant les bons cas d\u2019usage, elles pourraient permettre une agriculture plus respectueuse des ressources (r\u00e9duction de l\u2019\u00e9rosion des sols, de l\u2019usage des pesticides, des engrais et de l\u2019eau) et favoriser une agriculture plus diversifi\u00e9e en polyculture. De plus, leur l\u00e9g\u00e8ret\u00e9 permet des mouvements plus dynamiques et \u00e9vite d\u2019endommager les cultures.<\/li><li data-start=\"3623\" data-end=\"3940\"><strong data-start=\"3625\" data-end=\"3635\">Social<\/strong> : L\u2019agriculture \u00e9conome en ressources pr\u00e9serve les services \u00e9cosyst\u00e9miques pour les g\u00e9n\u00e9rations futures. L\u2019automatisation r\u00e9duit la charge de travail des agriculteurs et diminue les risques de blessures. Enfin, la r\u00e9duction du travail manuel permettrait de maintenir des prix alimentaires plus stables.<\/li><\/ul><p data-start=\"3942\" data-end=\"4033\"><strong data-start=\"3942\" data-end=\"4031\">Comment utiliserez-vous les fonds potentiellement accord\u00e9s par l\u2019Innovation Booster ?<\/strong><\/p><ul data-start=\"4035\" data-end=\"4534\"><li data-start=\"4035\" data-end=\"4264\"><strong data-start=\"4037\" data-end=\"4048\">Phase 1<\/strong> : Recueil d\u2019informations sur la situation actuelle \u00e0 travers des visites chez les clients potentiels et d\u00e9monstration du prototype fonctionnel. Recherche compl\u00e9mentaire sur les fournisseurs de machines existantes.<\/li><li data-start=\"4265\" data-end=\"4416\"><strong data-start=\"4267\" data-end=\"4278\">Phase 2<\/strong> : Sur la base des informations recueillies, d\u00e9finition d\u2019un cas d\u2019usage prometteur qui exploite les avantages du faible poids du robot.<\/li><li data-start=\"4417\" data-end=\"4534\"><strong data-start=\"4419\" data-end=\"4430\">Phase 3<\/strong> : \u00c9laboration de concepts et validation avec des agriculteurs s\u00e9lectionn\u00e9s lors de la premi\u00e8re phase.<\/li><\/ul><p data-start=\"4536\" data-end=\"4918\" data-is-last-node=\"\"><strong data-start=\"4536\" data-end=\"4680\">Si votre projet se d\u00e9veloppe avec succ\u00e8s pendant la p\u00e9riode de financement de l\u2019Innovation Booster, quelles seraient vos prochaines \u00e9tapes ?<\/strong><br data-start=\"4680\" data-end=\"4683\" \/>Si ce projet r\u00e9v\u00e8le un potentiel de march\u00e9 pertinent pour le cas d\u2019usage choisi, nous souhaiterions solliciter un projet Innosuisse ou trouver des investisseurs afin de d\u00e9velopper notre prototype en un produit commercialisable.<\/p>\t\t\t\t\t\t\t\t<\/div>\n\t\t\t\t<\/div>\n\t\t\t\t\t<\/div>\n\t\t<\/div>\n\t\t\t\t\t<\/div>\n\t\t<\/section>\n\t\t\t\t<\/div>\n\t\t","protected":false},"excerpt":{"rendered":"<p>Une tondeuse l\u00e9g\u00e8re pour plus d&rsquo;efficacit\u00e9 dans les cultures sp\u00e9ciales et les zones en pente par Amadeo Kn\u00fcsel Notre hypoth\u00e8se est que la tonte dans les cultures sp\u00e9ciales peut \u00eatre rendue plus efficace, plus pr\u00e9cise et moins co\u00fbteuse gr\u00e2ce \u00e0 des robots l\u00e9gers, autonomes et \u00e9lectriques. Nous souhaitons tester cette hypoth\u00e8se dans le cadre de ce programme d\u2019innovation booster. Lors de la phase d\u2019id\u00e9ation, nous avons \u00e9labor\u00e9 l\u2019id\u00e9e d\u2019entretenir la sant\u00e9 des sols gr\u00e2ce \u00e0 des machines ultra-l\u00e9g\u00e8res. Nous nous sommes concentr\u00e9s sur des solutions permettant de pr\u00e9venir la compaction du sol, l\u2019\u00e9rosion et la surutilisation des engrais et pesticides. Dans la phase d\u2019incubation, nous avons bri\u00e8vement discut\u00e9 des cas d\u2019usage avec Swiss Food Research, six agriculteurs (2 mara\u00eechers, 2 \u00e9leveurs laitiers, 1 producteur de baies, 1 arboriculteur) et trois experts agricoles (en arboriculture fruiti\u00e8re et viticulture). Ces discussions ont r\u00e9v\u00e9l\u00e9 que le plus grand potentiel de march\u00e9 se trouve&hellip;<\/p>\n<p> <a class=\"more-link\" href=\"https:\/\/www.swissfoodecosystems.ch\/fr\/a-propos-8\/\">Read more<\/a><\/p>\n","protected":false},"author":11,"featured_media":32178,"parent":0,"menu_order":0,"comment_status":"closed","ping_status":"closed","template":"","meta":{"footnotes":""},"class_list":["post-37223","page","type-page","status-publish","has-post-thumbnail"],"_links":{"self":[{"href":"https:\/\/www.swissfoodecosystems.ch\/fr\/wp-json\/wp\/v2\/pages\/37223","targetHints":{"allow":["GET"]}}],"collection":[{"href":"https:\/\/www.swissfoodecosystems.ch\/fr\/wp-json\/wp\/v2\/pages"}],"about":[{"href":"https:\/\/www.swissfoodecosystems.ch\/fr\/wp-json\/wp\/v2\/types\/page"}],"author":[{"embeddable":true,"href":"https:\/\/www.swissfoodecosystems.ch\/fr\/wp-json\/wp\/v2\/users\/11"}],"replies":[{"embeddable":true,"href":"https:\/\/www.swissfoodecosystems.ch\/fr\/wp-json\/wp\/v2\/comments?post=37223"}],"version-history":[{"count":4,"href":"https:\/\/www.swissfoodecosystems.ch\/fr\/wp-json\/wp\/v2\/pages\/37223\/revisions"}],"predecessor-version":[{"id":37571,"href":"https:\/\/www.swissfoodecosystems.ch\/fr\/wp-json\/wp\/v2\/pages\/37223\/revisions\/37571"}],"wp:featuredmedia":[{"embeddable":true,"href":"https:\/\/www.swissfoodecosystems.ch\/fr\/wp-json\/wp\/v2\/media\/32178"}],"wp:attachment":[{"href":"https:\/\/www.swissfoodecosystems.ch\/fr\/wp-json\/wp\/v2\/media?parent=37223"}],"curies":[{"name":"wp","href":"https:\/\/api.w.org\/{rel}","templated":true}]}}