{"id":37263,"date":"2025-02-11T14:48:49","date_gmt":"2025-02-11T13:48:49","guid":{"rendered":"https:\/\/www.swissfoodecosystems.ch\/?page_id=37263"},"modified":"2025-02-11T14:50:22","modified_gmt":"2025-02-11T13:50:22","slug":"a-propos-9","status":"publish","type":"page","link":"https:\/\/www.swissfoodecosystems.ch\/fr\/a-propos-9\/","title":{"rendered":"\u00c0 propos"},"content":{"rendered":"\t\t<div data-elementor-type=\"wp-page\" data-elementor-id=\"37263\" class=\"elementor elementor-37263 elementor-37262\" data-elementor-post-type=\"page\">\n\t\t\t\t\t\t<section class=\"elementor-section elementor-top-section elementor-element elementor-element-f01ae94 elementor-section-boxed elementor-section-height-default elementor-section-height-default\" data-id=\"f01ae94\" data-element_type=\"section\" data-settings=\"{&quot;background_background&quot;:&quot;classic&quot;}\">\n\t\t\t\t\t\t\t<div class=\"elementor-background-overlay\"><\/div>\n\t\t\t\t\t\t\t<div class=\"elementor-container elementor-column-gap-default\">\n\t\t\t\t\t<div class=\"elementor-column elementor-col-100 elementor-top-column elementor-element elementor-element-d85f57c\" data-id=\"d85f57c\" data-element_type=\"column\">\n\t\t\t<div class=\"elementor-widget-wrap elementor-element-populated\">\n\t\t\t\t\t\t<div class=\"elementor-element elementor-element-01f40a0 elementor-widget elementor-widget-heading\" data-id=\"01f40a0\" data-element_type=\"widget\" data-widget_type=\"heading.default\">\n\t\t\t\t<div class=\"elementor-widget-container\">\n\t\t\t\t\t<h2 class=\"elementor-heading-title elementor-size-default\"><br>Un r\u00e9acteur mobile sur site pour une meilleure gestion et stabilisation des nutriments agricoles<\/h2>\t\t\t\t<\/div>\n\t\t\t\t<\/div>\n\t\t\t\t\t<\/div>\n\t\t<\/div>\n\t\t\t\t\t<\/div>\n\t\t<\/section>\n\t\t\t\t<section class=\"elementor-section elementor-top-section elementor-element elementor-element-01f39c6 elementor-section-boxed elementor-section-height-default elementor-section-height-default\" data-id=\"01f39c6\" data-element_type=\"section\">\n\t\t\t\t\t\t<div class=\"elementor-container elementor-column-gap-default\">\n\t\t\t\t\t<div class=\"elementor-column elementor-col-100 elementor-top-column elementor-element elementor-element-94284f8\" data-id=\"94284f8\" data-element_type=\"column\">\n\t\t\t<div class=\"elementor-widget-wrap elementor-element-populated\">\n\t\t\t\t\t\t<div class=\"elementor-element elementor-element-5d0efa0 elementor-widget elementor-widget-text-editor\" data-id=\"5d0efa0\" data-element_type=\"widget\" data-widget_type=\"text-editor.default\">\n\t\t\t\t<div class=\"elementor-widget-container\">\n\t\t\t\t\t\t\t\t\t<p>par Kasia Geiger<\/p>\t\t\t\t\t\t\t\t<\/div>\n\t\t\t\t<\/div>\n\t\t\t\t\t<\/div>\n\t\t<\/div>\n\t\t\t\t\t<\/div>\n\t\t<\/section>\n\t\t\t\t<section class=\"elementor-section elementor-top-section elementor-element elementor-element-cd05887 elementor-section-boxed elementor-section-height-default elementor-section-height-default\" data-id=\"cd05887\" data-element_type=\"section\">\n\t\t\t\t\t\t<div class=\"elementor-container elementor-column-gap-default\">\n\t\t\t\t\t<div class=\"elementor-column elementor-col-100 elementor-top-column elementor-element elementor-element-71d6669\" data-id=\"71d6669\" data-element_type=\"column\">\n\t\t\t<div class=\"elementor-widget-wrap elementor-element-populated\">\n\t\t\t\t\t\t<div class=\"elementor-element elementor-element-3f5769c elementor-widget elementor-widget-image\" data-id=\"3f5769c\" data-element_type=\"widget\" data-widget_type=\"image.default\">\n\t\t\t\t<div class=\"elementor-widget-container\">\n\t\t\t\t\t\t\t\t\t\t\t\t\t\t\t<img fetchpriority=\"high\" decoding=\"async\" width=\"768\" height=\"430\" src=\"https:\/\/www.swissfoodecosystems.ch\/wp-content\/uploads\/2025\/01\/Capture-decran-2024-12-31-a-09.13.20-768x430.png\" class=\"attachment-medium_large size-medium_large wp-image-37451\" alt=\"\" srcset=\"https:\/\/www.swissfoodecosystems.ch\/wp-content\/uploads\/2025\/01\/Capture-decran-2024-12-31-a-09.13.20-768x430.png 768w, https:\/\/www.swissfoodecosystems.ch\/wp-content\/uploads\/2025\/01\/Capture-decran-2024-12-31-a-09.13.20-300x168.png 300w, https:\/\/www.swissfoodecosystems.ch\/wp-content\/uploads\/2025\/01\/Capture-decran-2024-12-31-a-09.13.20-1024x574.png 1024w, https:\/\/www.swissfoodecosystems.ch\/wp-content\/uploads\/2025\/01\/Capture-decran-2024-12-31-a-09.13.20-1536x860.png 1536w, https:\/\/www.swissfoodecosystems.ch\/wp-content\/uploads\/2025\/01\/Capture-decran-2024-12-31-a-09.13.20.png 1546w\" sizes=\"(max-width: 768px) 100vw, 768px\" \/>\t\t\t\t\t\t\t\t\t\t\t\t\t\t\t<\/div>\n\t\t\t\t<\/div>\n\t\t\t\t<div class=\"elementor-element elementor-element-3382491 elementor-widget elementor-widget-text-editor\" data-id=\"3382491\" data-element_type=\"widget\" data-widget_type=\"text-editor.default\">\n\t\t\t\t<div class=\"elementor-widget-container\">\n\t\t\t\t\t\t\t\t\t<p data-start=\"0\" data-end=\"137\">L\u2019un des principaux probl\u00e8mes de l\u2019agriculture est la gestion efficace des nutriments et leur distribution \u00e9quitable entre les r\u00e9gions.<\/p><p data-start=\"139\" data-end=\"525\">Lorsque les sols ne sont pas suffisamment fertiles, des engrais chimiques doivent \u00eatre utilis\u00e9s \u2013 \u00e0 l\u2019\u00e9chelle mondiale, plus de 200 millions de tonnes d\u2019engrais chimiques sont employ\u00e9es chaque ann\u00e9e. Pourtant, avec environ 1 milliard de vaches dans le monde, capables de fournir une alternative naturelle aux engrais chimiques, pourquoi continuons-nous \u00e0 produire du NPK de synth\u00e8se ?<\/p><p data-start=\"527\" data-end=\"941\">Le fumier, utilis\u00e9 depuis des si\u00e8cles comme engrais naturel, est largement disponible et repr\u00e9sente une opportunit\u00e9 \u00e9conomique majeure. Cependant, pour exploiter ce potentiel, une solution innovante est n\u00e9cessaire afin de faciliter son traitement et sa gestion. Le fumier, souvent difficile \u00e0 manipuler, doit \u00eatre transform\u00e9 en un produit stabilis\u00e9, standardis\u00e9 et pr\u00eat \u00e0 l\u2019emploi pour la fertilisation des sols.<\/p><p data-start=\"943\" data-end=\"1149\">D\u2019apr\u00e8s une \u00e9tude de l\u2019Universit\u00e9 de l\u2019Iowa, le co\u00fbt du stockage, du transport et de l\u2019application du fumier dans les exploitations agricoles est en moyenne de 104,10 dollars par t\u00eate de b\u00e9tail et par an.<\/p><p data-start=\"1151\" data-end=\"1510\">Dans les exploitations laiti\u00e8res, le fumier est devenu un probl\u00e8me majeur : une vache produit environ 45 kg de fumier par jour, soit 16 tonnes par an, repr\u00e9sentant pr\u00e8s de 130 kg d\u2019\u00e9missions de CO\u2082 par an. En Europe, avec pr\u00e8s de 80 millions de vaches, cela constitue une \u00e9norme source d\u2019\u00e9missions, mais aussi une ressource pr\u00e9cieuse pouvant \u00eatre valoris\u00e9e.<\/p><p data-start=\"1512\" data-end=\"1680\">Le stockage incontr\u00f4l\u00e9 ou l\u2019\u00e9pandage inappropri\u00e9 du fumier peut nuire aux sols, favoriser la propagation de pathog\u00e8nes et polluer les eaux souterraines et de surface.<\/p><p data-start=\"1682\" data-end=\"1807\">Notre solution : une technologie cl\u00e9 en main directement sur site, transformant le fumier en un produit dense et stabilis\u00e9.<\/p><p data-start=\"1809\" data-end=\"2241\">Gr\u00e2ce \u00e0 notre r\u00e9acteur, le fumier devient facile \u00e0 appliquer, stocker et transporter sans pertes d\u2019azote. Cette technologie permet d\u2019upcycler les nutriments en une alternative aux engrais chimiques tout en offrant des possibilit\u00e9s de personnalisation. En plus du fumier, le r\u00e9acteur peut \u00e9galement traiter d\u2019autres sous-produits agricoles organiques comme les d\u00e9chets verts, les r\u00e9sidus de r\u00e9colte ou les sous-produits de scierie.<\/p><p data-start=\"2243\" data-end=\"2299\">Objectif du projet et question de recherche principale<\/p><p data-start=\"2301\" data-end=\"2511\">L\u2019objectif du projet est de valider l\u2019efficacit\u00e9 de notre r\u00e9acteur bas\u00e9 sur la supercavitation, en prouvant sa capacit\u00e9 \u00e0 stabiliser les nutriments et \u00e0 optimiser la gestion des mati\u00e8res organiques agricoles.<\/p><p data-start=\"2513\" data-end=\"2530\">Th\u00e8se du projet<\/p><p data-start=\"2532\" data-end=\"3141\">Le r\u00e9acteur s\u00e9pare l\u2019eau du fumier et condense les nutriments pour une gestion optimis\u00e9e des flux de mati\u00e8res.<br data-start=\"2642\" data-end=\"2645\" \/>L\u2019azote r\u00e9cup\u00e9r\u00e9 est stable et entra\u00eene beaucoup moins de pertes par rapport \u00e0 l\u2019azote contenu dans le fumier brut.<br data-start=\"2760\" data-end=\"2763\" \/>Jusqu\u2019\u00e0 80 % de l\u2019eau du lisier est r\u00e9cup\u00e9r\u00e9e, r\u00e9duisant ainsi les co\u00fbts et l\u2019impact \u00e9cologique du transport du fumier.<br data-start=\"2882\" data-end=\"2885\" \/>Les mati\u00e8res solides s\u00e9par\u00e9es, combin\u00e9es \u00e0 d\u2019autres d\u00e9chets organiques agricoles, peuvent \u00eatre utilis\u00e9es comme substrat pour la m\u00e9thanisation, production de biochar ou fabrication d\u2019acides humiques, permettant une valorisation compl\u00e8te des sous-produits.<\/p><p data-start=\"3143\" data-end=\"3173\">Avantages pour l\u2019agriculture<\/p><p data-start=\"3175\" data-end=\"3344\">Nous rendons le fumier plus facile \u00e0 stocker et \u00e0 transporter, plus simple \u00e0 appliquer en tant qu\u2019\u00e9quivalent standardis\u00e9 du NPK, tout en r\u00e9cup\u00e9rant de l\u2019eau pr\u00e9cieuse.<\/p><p data-start=\"3346\" data-end=\"3652\" data-is-last-node=\"\">Les agriculteurs n\u2019ont pas besoin de plus de travail et de co\u00fbts suppl\u00e9mentaires : ils ont besoin d\u2019efficacit\u00e9 et d\u2019une gestion \u00e9quilibr\u00e9e des nutriments pour optimiser la fertilit\u00e9 des sols et garantir de bonnes r\u00e9coltes. Notre r\u00e9acteur est la solution compl\u00e8te pour relever les d\u00e9fis agricoles de demain.<\/p>\t\t\t\t\t\t\t\t<\/div>\n\t\t\t\t<\/div>\n\t\t\t\t\t<\/div>\n\t\t<\/div>\n\t\t\t\t\t<\/div>\n\t\t<\/section>\n\t\t\t\t<section class=\"elementor-section elementor-top-section elementor-element elementor-element-5524c38 elementor-section-boxed elementor-section-height-default elementor-section-height-default\" data-id=\"5524c38\" data-element_type=\"section\">\n\t\t\t\t\t\t\t<div class=\"elementor-background-overlay\"><\/div>\n\t\t\t\t\t\t\t<div class=\"elementor-container elementor-column-gap-default\">\n\t\t\t\t\t<div class=\"elementor-column elementor-col-100 elementor-top-column elementor-element elementor-element-9bc6571\" data-id=\"9bc6571\" data-element_type=\"column\">\n\t\t\t<div class=\"elementor-widget-wrap elementor-element-populated\">\n\t\t\t\t\t\t<div class=\"elementor-element elementor-element-1b7cf3e elementor-widget elementor-widget-text-editor\" data-id=\"1b7cf3e\" data-element_type=\"widget\" data-widget_type=\"text-editor.default\">\n\t\t\t\t<div class=\"elementor-widget-container\">\n\t\t\t\t\t\t\t\t\t<p data-start=\"0\" data-end=\"49\"><strong data-start=\"0\" data-end=\"47\">Pourquoi votre id\u00e9e\/projet est-il radical ?<\/strong><\/p><p data-start=\"51\" data-end=\"498\">Le caract\u00e8re disruptif de notre id\u00e9e repose sur le fait que les exploitations agricoles avec un exc\u00e9dent de nutriments n\u2019ont actuellement aucune solution abordable et sur site pour am\u00e9liorer leur gestion des nutriments tout en respectant les contraintes environnementales. Nos r\u00e9acteurs permettent aux agriculteurs de r\u00e9cup\u00e9rer l\u2019eau, de condenser les nutriments et de r\u00e9duire les co\u00fbts de transport gr\u00e2ce \u00e0 une diminution du volume des d\u00e9chets.<\/p><p data-start=\"500\" data-end=\"722\">Enfin, le produit final stabilis\u00e9 pourrait \u00eatre utilis\u00e9 par les entreprises chimiques comme mati\u00e8re premi\u00e8re organique \u00e0 m\u00e9langer avec des engrais chimiques, offrant ainsi aux agriculteurs une nouvelle source de revenus.<\/p><p data-start=\"724\" data-end=\"890\"><strong data-start=\"724\" data-end=\"888\">Qui sont les acteurs et parties prenantes de votre id\u00e9e et comment allez-vous interagir avec vos clients et utilisateurs potentiels pendant la phase du projet ?<\/strong><\/p><p data-start=\"892\" data-end=\"1102\">Les principaux acteurs et parties prenantes du projet sont d\u2019une part les exploitations agricoles et les agriculteurs, et d\u2019autre part les autorit\u00e9s cantonales\/nationales ainsi que les instituts de recherche.<\/p><p data-start=\"1104\" data-end=\"1359\">Les agriculteurs, en tant qu\u2019utilisateurs finaux et d\u00e9tenteurs des probl\u00e9matiques, collaboreront via la livraison d\u2019\u00e9chantillons, des tests sur site, des entretiens pragmatiques et des collectes de donn\u00e9es pour la future mise en \u0153uvre de la technologie.<\/p><p data-start=\"1361\" data-end=\"1496\">Les autorit\u00e9s cantonales et nationales encadreront le projet en \u00e9tablissant les restrictions li\u00e9es \u00e0 la gestion des flux de mati\u00e8res.<\/p><p data-start=\"1498\" data-end=\"1661\">Les laboratoires sp\u00e9cialis\u00e9s fourniront des analyses des \u00e9chantillons et des tests en laboratoire sur la condensation des nutriments et la r\u00e9cup\u00e9ration de l\u2019eau.<\/p><p data-start=\"1663\" data-end=\"1747\"><strong data-start=\"1663\" data-end=\"1745\">Quelles comp\u00e9tences l\u2019\u00e9quipe apporte-t-elle pour concr\u00e9tiser l\u2019id\u00e9e propos\u00e9e ?<\/strong><\/p><p data-start=\"1749\" data-end=\"2112\">L\u2019\u00e9quipe poss\u00e8de une expertise approfondie combinant des connaissances acad\u00e9miques et une exp\u00e9rience en entrepreneuriat dans les domaines de l\u2019agronomie, de la gestion des exploitations agricoles, de la fertilisation, de la fixation de l\u2019azote, de l\u2019analyse des d\u00e9fis multifonctionnels de l\u2019agriculture du futur, de l\u2019\u00e9conomie et des cha\u00eenes de valeur durables.<\/p><p data-start=\"2114\" data-end=\"2217\"><strong data-start=\"2114\" data-end=\"2215\">D\u00e9crivez l\u2019impact de votre id\u00e9e\/projet sur la durabilit\u00e9 (\u00e9conomique, sociale, environnementale).<\/strong><\/p><p data-start=\"2219\" data-end=\"2282\">Le projet englobe les trois piliers du d\u00e9veloppement durable.<\/p><p data-start=\"2284\" data-end=\"2660\">Il favorise une meilleure gestion des nutriments \u00e0 la ferme, introduit un mod\u00e8le circulaire pour les sous-produits agricoles et les d\u00e9chets non comestibles, et permet de r\u00e9duire consid\u00e9rablement les \u00e9missions provenant des stockages de d\u00e9chets non contr\u00f4l\u00e9s. Il contribue \u00e9galement \u00e0 mieux fixer le CO\u2082 et l\u2019azote dans le sol et \u00e0 remplacer totalement les engrais chimiques.<\/p><p data-start=\"2662\" data-end=\"2857\">L\u2019impact environnemental est significatif avec une r\u00e9duction potentielle allant jusqu\u2019\u00e0 95 % des \u00e9missions de CO\u2082e par rapport \u00e0 l\u2019usage d\u2019engrais chimiques NPK sur les exploitations agricoles.<\/p><p data-start=\"2859\" data-end=\"3028\">Sur le plan social, l\u2019impl\u00e9mentation d\u2019un mod\u00e8le circulaire favorise une production alimentaire plus durable et plus saine, b\u00e9n\u00e9ficiant ainsi aux consommateurs finaux.<\/p><p data-start=\"3030\" data-end=\"3263\">D\u2019un point de vue environnemental, le projet r\u00e9duit les \u00e9missions des exploitations agricoles, r\u00e9cup\u00e8re l\u2019eau des effluents d\u2019\u00e9levage, limite les \u00e9missions li\u00e9es au transport du fumier et prot\u00e8ge les nappes phr\u00e9atiques et les sols.<\/p><p data-start=\"3265\" data-end=\"3445\">D\u2019un point de vue \u00e9conomique, il optimise les co\u00fbts d\u2019exploitation des fermes, simplifie la gestion des nutriments et g\u00e9n\u00e8re une nouvelle source de revenus pour les agriculteurs.<\/p><p data-start=\"3447\" data-end=\"3538\"><strong data-start=\"3447\" data-end=\"3536\">Comment utiliserez-vous les fonds potentiellement accord\u00e9s par l\u2019Innovation Booster ?<\/strong><\/p><p data-start=\"3540\" data-end=\"3590\">Les fonds seront allou\u00e9s aux domaines suivants :<\/p><ul data-start=\"3592\" data-end=\"4403\"><li data-start=\"3592\" data-end=\"3872\"><p data-start=\"3594\" data-end=\"3610\"><strong data-start=\"3594\" data-end=\"3606\">Analyses<\/strong> :<\/p><ul data-start=\"3613\" data-end=\"3872\"><li data-start=\"3613\" data-end=\"3672\">Logistique d\u2019\u00e9chantillonnage et analyses en laboratoire<\/li><li data-start=\"3675\" data-end=\"3743\">Tests en laboratoire de s\u00e9paration et de concentration du fumier<\/li><li data-start=\"3746\" data-end=\"3824\">Analyses des nutriments condens\u00e9s et de la stabilit\u00e9 des mol\u00e9cules d\u2019azote<\/li><li data-start=\"3827\" data-end=\"3872\">Analyses de la qualit\u00e9 de l\u2019eau r\u00e9cup\u00e9r\u00e9e<\/li><\/ul><\/li><li data-start=\"3874\" data-end=\"4199\"><p data-start=\"3876\" data-end=\"3905\"><strong data-start=\"3876\" data-end=\"3901\">Consulting et conseil<\/strong> :<\/p><ul data-start=\"3908\" data-end=\"4199\"><li data-start=\"3908\" data-end=\"3978\">Conseil d\u2019Agroscope pour l\u2019analyse et l\u2019interpr\u00e9tation des donn\u00e9es<\/li><li data-start=\"3981\" data-end=\"4050\">\u00c9tudes sur les \u00e9chantillons de fumier et les produits transform\u00e9s<\/li><li data-start=\"4053\" data-end=\"4133\">Services de conseil LAWA pour la protection des nutriments et des ressources<\/li><li data-start=\"4136\" data-end=\"4199\">Consulting en analyse de cycle de vie avec Green Dreams Lab<\/li><\/ul><\/li><li data-start=\"4201\" data-end=\"4403\"><p data-start=\"4203\" data-end=\"4224\"><strong data-start=\"4203\" data-end=\"4220\">Mise en \u0153uvre<\/strong> :<\/p><ul data-start=\"4227\" data-end=\"4403\"><li data-start=\"4227\" data-end=\"4268\">Pr\u00e9l\u00e8vement et envoi des \u00e9chantillons<\/li><li data-start=\"4271\" data-end=\"4348\">D\u00e9placements li\u00e9s au projet de recherche, y compris les visites de fermes<\/li><li data-start=\"4351\" data-end=\"4403\">Acquisition d\u2019\u00e9quipements de laboratoire de base<\/li><\/ul><\/li><\/ul><p data-start=\"4405\" data-end=\"4551\"><strong data-start=\"4405\" data-end=\"4549\">Si votre projet se d\u00e9veloppe avec succ\u00e8s pendant la p\u00e9riode de financement de l\u2019Innovation Booster, quelles seraient vos prochaines \u00e9tapes ?<\/strong><\/p><p data-start=\"4553\" data-end=\"4937\" data-is-last-node=\"\">Dans le sc\u00e9nario id\u00e9al o\u00f9 le projet financ\u00e9 par l\u2019Innovation Booster est valid\u00e9 avec succ\u00e8s, et que nous avons d\u00e9montr\u00e9 la faisabilit\u00e9 de la s\u00e9paration de l\u2019eau et de la stabilisation des nutriments, l\u2019\u00e9tape suivante serait de d\u00e9poser une demande de financement aupr\u00e8s d\u2019Innosuisse et de commencer une collaboration avec des fermes laiti\u00e8res locales en tant que premiers utilisateurs.<\/p>\t\t\t\t\t\t\t\t<\/div>\n\t\t\t\t<\/div>\n\t\t\t\t\t<\/div>\n\t\t<\/div>\n\t\t\t\t\t<\/div>\n\t\t<\/section>\n\t\t\t\t<\/div>\n\t\t","protected":false},"excerpt":{"rendered":"<p>Un r\u00e9acteur mobile sur site pour une meilleure gestion et stabilisation des nutriments agricoles par Kasia Geiger L\u2019un des principaux probl\u00e8mes de l\u2019agriculture est la gestion efficace des nutriments et leur distribution \u00e9quitable entre les r\u00e9gions. Lorsque les sols ne sont pas suffisamment fertiles, des engrais chimiques doivent \u00eatre utilis\u00e9s \u2013 \u00e0 l\u2019\u00e9chelle mondiale, plus de 200 millions de tonnes d\u2019engrais chimiques sont employ\u00e9es chaque ann\u00e9e. Pourtant, avec environ 1 milliard de vaches dans le monde, capables de fournir une alternative naturelle aux engrais chimiques, pourquoi continuons-nous \u00e0 produire du NPK de synth\u00e8se ? Le fumier, utilis\u00e9 depuis des si\u00e8cles comme engrais naturel, est largement disponible et repr\u00e9sente une opportunit\u00e9 \u00e9conomique majeure. Cependant, pour exploiter ce potentiel, une solution innovante est n\u00e9cessaire afin de faciliter son traitement et sa gestion. Le fumier, souvent difficile \u00e0 manipuler, doit \u00eatre transform\u00e9 en un produit stabilis\u00e9, standardis\u00e9 et pr\u00eat \u00e0 l\u2019emploi pour la&hellip;<\/p>\n<p> <a class=\"more-link\" href=\"https:\/\/www.swissfoodecosystems.ch\/fr\/a-propos-9\/\">Read more<\/a><\/p>\n","protected":false},"author":11,"featured_media":32178,"parent":0,"menu_order":0,"comment_status":"closed","ping_status":"closed","template":"","meta":{"footnotes":""},"class_list":["post-37263","page","type-page","status-publish","has-post-thumbnail"],"_links":{"self":[{"href":"https:\/\/www.swissfoodecosystems.ch\/fr\/wp-json\/wp\/v2\/pages\/37263","targetHints":{"allow":["GET"]}}],"collection":[{"href":"https:\/\/www.swissfoodecosystems.ch\/fr\/wp-json\/wp\/v2\/pages"}],"about":[{"href":"https:\/\/www.swissfoodecosystems.ch\/fr\/wp-json\/wp\/v2\/types\/page"}],"author":[{"embeddable":true,"href":"https:\/\/www.swissfoodecosystems.ch\/fr\/wp-json\/wp\/v2\/users\/11"}],"replies":[{"embeddable":true,"href":"https:\/\/www.swissfoodecosystems.ch\/fr\/wp-json\/wp\/v2\/comments?post=37263"}],"version-history":[{"count":4,"href":"https:\/\/www.swissfoodecosystems.ch\/fr\/wp-json\/wp\/v2\/pages\/37263\/revisions"}],"predecessor-version":[{"id":37577,"href":"https:\/\/www.swissfoodecosystems.ch\/fr\/wp-json\/wp\/v2\/pages\/37263\/revisions\/37577"}],"wp:featuredmedia":[{"embeddable":true,"href":"https:\/\/www.swissfoodecosystems.ch\/fr\/wp-json\/wp\/v2\/media\/32178"}],"wp:attachment":[{"href":"https:\/\/www.swissfoodecosystems.ch\/fr\/wp-json\/wp\/v2\/media?parent=37263"}],"curies":[{"name":"wp","href":"https:\/\/api.w.org\/{rel}","templated":true}]}}