{"id":37355,"date":"2025-02-11T15:28:04","date_gmt":"2025-02-11T14:28:04","guid":{"rendered":"https:\/\/www.swissfoodecosystems.ch\/?page_id=37355"},"modified":"2025-02-11T15:28:44","modified_gmt":"2025-02-11T14:28:44","slug":"a-propos-13","status":"publish","type":"page","link":"https:\/\/www.swissfoodecosystems.ch\/fr\/a-propos-13\/","title":{"rendered":"\u00c0 propos"},"content":{"rendered":"\t\t<div data-elementor-type=\"wp-page\" data-elementor-id=\"37355\" class=\"elementor elementor-37355 elementor-37354\" data-elementor-post-type=\"page\">\n\t\t\t\t\t\t<section class=\"elementor-section elementor-top-section elementor-element elementor-element-f01ae94 elementor-section-boxed elementor-section-height-default elementor-section-height-default\" data-id=\"f01ae94\" data-element_type=\"section\" data-settings=\"{&quot;background_background&quot;:&quot;classic&quot;}\">\n\t\t\t\t\t\t\t<div class=\"elementor-background-overlay\"><\/div>\n\t\t\t\t\t\t\t<div class=\"elementor-container elementor-column-gap-default\">\n\t\t\t\t\t<div class=\"elementor-column elementor-col-100 elementor-top-column elementor-element elementor-element-d85f57c\" data-id=\"d85f57c\" data-element_type=\"column\">\n\t\t\t<div class=\"elementor-widget-wrap elementor-element-populated\">\n\t\t\t\t\t\t<div class=\"elementor-element elementor-element-01f40a0 elementor-widget elementor-widget-heading\" data-id=\"01f40a0\" data-element_type=\"widget\" data-widget_type=\"heading.default\">\n\t\t\t\t<div class=\"elementor-widget-container\">\n\t\t\t\t\t<h2 class=\"elementor-heading-title elementor-size-default\"><br>Adoucir notre avenir ! Le sorgho sucr\u00e9 : une alternative intelligente face au climat au sucre de betterave pour la Suisse<\/h2>\t\t\t\t<\/div>\n\t\t\t\t<\/div>\n\t\t\t\t\t<\/div>\n\t\t<\/div>\n\t\t\t\t\t<\/div>\n\t\t<\/section>\n\t\t\t\t<section class=\"elementor-section elementor-top-section elementor-element elementor-element-01f39c6 elementor-section-boxed elementor-section-height-default elementor-section-height-default\" data-id=\"01f39c6\" data-element_type=\"section\">\n\t\t\t\t\t\t<div class=\"elementor-container elementor-column-gap-default\">\n\t\t\t\t\t<div class=\"elementor-column elementor-col-100 elementor-top-column elementor-element elementor-element-94284f8\" data-id=\"94284f8\" data-element_type=\"column\">\n\t\t\t<div class=\"elementor-widget-wrap elementor-element-populated\">\n\t\t\t\t\t\t<div class=\"elementor-element elementor-element-5d0efa0 elementor-widget elementor-widget-text-editor\" data-id=\"5d0efa0\" data-element_type=\"widget\" data-widget_type=\"text-editor.default\">\n\t\t\t\t<div class=\"elementor-widget-container\">\n\t\t\t\t\t\t\t\t\t<p>par Bruno Graf<\/p>\t\t\t\t\t\t\t\t<\/div>\n\t\t\t\t<\/div>\n\t\t\t\t\t<\/div>\n\t\t<\/div>\n\t\t\t\t\t<\/div>\n\t\t<\/section>\n\t\t\t\t<section class=\"elementor-section elementor-top-section elementor-element elementor-element-cd05887 elementor-section-boxed elementor-section-height-default elementor-section-height-default\" data-id=\"cd05887\" data-element_type=\"section\">\n\t\t\t\t\t\t<div class=\"elementor-container elementor-column-gap-default\">\n\t\t\t\t\t<div class=\"elementor-column elementor-col-100 elementor-top-column elementor-element elementor-element-71d6669\" data-id=\"71d6669\" data-element_type=\"column\">\n\t\t\t<div class=\"elementor-widget-wrap elementor-element-populated\">\n\t\t\t\t\t\t<div class=\"elementor-element elementor-element-3f5769c elementor-widget elementor-widget-image\" data-id=\"3f5769c\" data-element_type=\"widget\" data-widget_type=\"image.default\">\n\t\t\t\t<div class=\"elementor-widget-container\">\n\t\t\t\t\t\t\t\t\t\t\t\t\t\t\t<img fetchpriority=\"high\" decoding=\"async\" width=\"768\" height=\"432\" src=\"https:\/\/www.swissfoodecosystems.ch\/wp-content\/uploads\/2025\/01\/Capture-decran-2025-01-06-a-09.28.04-768x432.png\" class=\"attachment-medium_large size-medium_large wp-image-37359\" alt=\"\" srcset=\"https:\/\/www.swissfoodecosystems.ch\/wp-content\/uploads\/2025\/01\/Capture-decran-2025-01-06-a-09.28.04-768x432.png 768w, https:\/\/www.swissfoodecosystems.ch\/wp-content\/uploads\/2025\/01\/Capture-decran-2025-01-06-a-09.28.04-300x169.png 300w, https:\/\/www.swissfoodecosystems.ch\/wp-content\/uploads\/2025\/01\/Capture-decran-2025-01-06-a-09.28.04-1024x576.png 1024w, https:\/\/www.swissfoodecosystems.ch\/wp-content\/uploads\/2025\/01\/Capture-decran-2025-01-06-a-09.28.04-1536x863.png 1536w, https:\/\/www.swissfoodecosystems.ch\/wp-content\/uploads\/2025\/01\/Capture-decran-2025-01-06-a-09.28.04.png 1548w\" sizes=\"(max-width: 768px) 100vw, 768px\" \/>\t\t\t\t\t\t\t\t\t\t\t\t\t\t\t<\/div>\n\t\t\t\t<\/div>\n\t\t\t\t<div class=\"elementor-element elementor-element-3382491 elementor-widget elementor-widget-text-editor\" data-id=\"3382491\" data-element_type=\"widget\" data-widget_type=\"text-editor.default\">\n\t\t\t\t<div class=\"elementor-widget-container\">\n\t\t\t\t\t\t\t\t\t<p>Au vue de la crise climatique actuelle et des changements \u00e0 tendance exponentielle qui se profilent, il serait important de pouvoir mettre en place une fili\u00e8re alternative de production de sucre locale.<\/p><p>En effet dans le cas du canton de Vaud selon la pr\u00e9sentation de la HES-SO Valais du 22 mars \u00e0 l\u2019Impact Hub Lausanne, un taux d\u2019autosuffisance de 125% existerait pour le sucre de betterave (potentiel de remplacement des surfaces allou\u00e9es \u00e0 la betterave sucri\u00e8re).<\/p><p>Malgr\u00e9 d\u2019autres m\u00e9thodes de calcul et de chiffrement (prometerre 2023) il serait \u00e0 mon avis judicieux de pouvoir obtenir une source de production alternative au travers du sorgho sucrier pour les sites de grandes cultures d\u00e9j\u00e0 actuellement adapt\u00e9s \u00e0 cette culture (la C\u00f4te) au vue du d\u00e9ficit hydrique r\u00e9p\u00e9t\u00e9s de ces derni\u00e8res ann\u00e9es pendant la saison agricole (juin \u00e0 septembre).<\/p><p>La mise en place d\u2019une telle fili\u00e8re n\u00e9cessite bien entendu un travail de partenariat ainsi que des investisseurs pour la bonne r\u00e9ception et transformation du jus de cette plante.<\/p><p>Un axe de recherche et de multiplication vari\u00e9tale est \u00e0 mettre en place.<\/p><p>Des vari\u00e9t\u00e9s a plusieurs fins pourraient apporter encore d\u2019avantage de r\u00e9silience (sucre et farine).<\/p>\t\t\t\t\t\t\t\t<\/div>\n\t\t\t\t<\/div>\n\t\t\t\t\t<\/div>\n\t\t<\/div>\n\t\t\t\t\t<\/div>\n\t\t<\/section>\n\t\t\t\t<section class=\"elementor-section elementor-top-section elementor-element elementor-element-5524c38 elementor-section-boxed elementor-section-height-default elementor-section-height-default\" data-id=\"5524c38\" data-element_type=\"section\">\n\t\t\t\t\t\t\t<div class=\"elementor-background-overlay\"><\/div>\n\t\t\t\t\t\t\t<div class=\"elementor-container elementor-column-gap-default\">\n\t\t\t\t\t<div class=\"elementor-column elementor-col-100 elementor-top-column elementor-element elementor-element-9bc6571\" data-id=\"9bc6571\" data-element_type=\"column\">\n\t\t\t<div class=\"elementor-widget-wrap elementor-element-populated\">\n\t\t\t\t\t\t<div class=\"elementor-element elementor-element-1b7cf3e elementor-widget elementor-widget-text-editor\" data-id=\"1b7cf3e\" data-element_type=\"widget\" data-widget_type=\"text-editor.default\">\n\t\t\t\t<div class=\"elementor-widget-container\">\n\t\t\t\t\t\t\t\t\t<div class=\"flex max-w-full flex-col flex-grow\"><div class=\"min-h-8 text-message flex w-full flex-col items-end gap-2 whitespace-normal break-words text-start [.text-message+&amp;]:mt-5\" dir=\"auto\" data-message-author-role=\"assistant\" data-message-id=\"62c5ce11-6895-40d8-8855-3a49943c6040\" data-message-model-slug=\"gpt-4o\"><div class=\"flex w-full flex-col gap-1 empty:hidden first:pt-[3px]\"><div class=\"markdown prose w-full break-words dark:prose-invert light\"><p data-start=\"0\" data-end=\"95\"><strong data-start=\"0\" data-end=\"93\">D\u00e9crivez l\u2019\u00e9nonc\u00e9 du probl\u00e8me et l\u2019\u00e9nonc\u00e9 de l\u2019opportunit\u00e9 sur lesquels repose votre id\u00e9e<\/strong><\/p><p data-start=\"97\" data-end=\"497\">Le changement climatique r\u00e9duit progressivement les zones propices \u00e0 la culture de la betterave sucri\u00e8re. Malgr\u00e9 un important bassin de production dans la Broye vaudoise, la Suisse al\u00e9manique semble d\u00e9sormais plus favorable \u00e0 cette culture. Toutefois, certaines grandes cultures vaudoises sont d\u00e9j\u00e0 adapt\u00e9es \u00e0 la culture du sorgho fourrager et du sorgho sucr\u00e9, contrairement \u00e0 la Suisse al\u00e9manique.<\/p><p data-start=\"499\" data-end=\"615\">L\u2019autosuffisance en sucre, notamment un sucre plus b\u00e9n\u00e9fique pour la sant\u00e9, est un enjeu strat\u00e9gique \u00e0 long terme.<\/p><p data-start=\"617\" data-end=\"913\">Bien que la betterave sucri\u00e8re ait un rendement \u00e9lev\u00e9 \u00e0 l\u2019hectare, sa culture entra\u00eene des effets n\u00e9gatifs importants sur les sols (\u00e9rosion), ainsi que des externalit\u00e9s co\u00fbteuses pour la soci\u00e9t\u00e9 (utilisation intensive de pesticides et d\u2019engrais, transformation \u00e9nergivore en sucre cristallis\u00e9).<\/p><p data-start=\"915\" data-end=\"961\"><strong data-start=\"915\" data-end=\"959\">Qu\u2019est-ce qui rend votre id\u00e9e radicale ?<\/strong><\/p><p data-start=\"963\" data-end=\"1326\">La Conf\u00e9d\u00e9ration soutient actuellement la culture de la betterave sucri\u00e8re, en agriculture biologique comme en conventionnel, avec des subventions garanties jusqu\u2019en 2026 (2 100 CHF\/ha). Le sucre \u00e9tant un ingr\u00e9dient essentiel dans l\u2019industrie agroalimentaire, il est pertinent d\u2019\u00e9valuer les impacts \u00e0 long terme de cette culture sur l\u2019environnement et la sant\u00e9.<\/p><p data-start=\"1328\" data-end=\"1454\">Le d\u00e9veloppement d\u2019une fili\u00e8re alternative bas\u00e9e sur le sorgho sucr\u00e9 permettrait une approche multifactorielle plus durable.<\/p><p data-start=\"1456\" data-end=\"1683\">Le sorgho est une plante de type C4, caract\u00e9ris\u00e9e par une efficience photosynth\u00e9tique \u00e9lev\u00e9e, une tol\u00e9rance au stress hydrique et aux vagues de chaleur, ainsi que la possibilit\u00e9 d\u2019\u00eatre cultiv\u00e9e en seconde culture.<\/p><p data-start=\"1685\" data-end=\"1906\">Les zones devenues moins favorables \u00e0 la betterave sucri\u00e8re pourraient \u00eatre revaloris\u00e9es avec cette culture innovante, permettant ainsi une production sucri\u00e8re alternative et r\u00e9siliente face aux changements climatiques.<\/p><p data-start=\"1908\" data-end=\"2002\"><strong data-start=\"1908\" data-end=\"2000\">Quel est le principal d\u00e9fi environnemental, social et \u00e9conomique que votre id\u00e9e aborde ?<\/strong><\/p><p data-start=\"2004\" data-end=\"2122\">Il s\u2019agit d\u2019une solution radicale pour atteindre l\u2019autosuffisance sucri\u00e8re dans un contexte de crise climatique.<\/p><p data-start=\"2124\" data-end=\"2382\">\u00c0 moyen terme, cette transition permettrait d\u2019am\u00e9liorer notre impact environnemental, de renforcer notre autosuffisance alimentaire et de favoriser une meilleure sant\u00e9 publique gr\u00e2ce \u00e0 une alternative plus durable au sucre issu de la betterave.<\/p><p data-start=\"2384\" data-end=\"2452\"><strong data-start=\"2384\" data-end=\"2450\">Qu\u2019est-ce qui diff\u00e9rencie votre id\u00e9e de ce qui est d\u00e9j\u00e0 fait ?<\/strong><\/p><p data-start=\"2454\" data-end=\"2574\">Le sorgho sucr\u00e9 est originaire de la zone sah\u00e9lienne et n\u2019a encore jamais \u00e9t\u00e9 exploit\u00e9 \u00e0 des fins sucri\u00e8res en Suisse.<\/p><p data-start=\"2576\" data-end=\"2751\" data-is-last-node=\"\">Aux \u00c9tats-Unis, la communaut\u00e9 Amish cultive cependant cette plante depuis 1850 pour la production de sucre, prouvant ainsi son potentiel et son viabilit\u00e9 agricole.<\/p><\/div><\/div><\/div><\/div>\t\t\t\t\t\t\t\t<\/div>\n\t\t\t\t<\/div>\n\t\t\t\t\t<\/div>\n\t\t<\/div>\n\t\t\t\t\t<\/div>\n\t\t<\/section>\n\t\t\t\t<\/div>\n\t\t","protected":false},"excerpt":{"rendered":"<p>Adoucir notre avenir ! Le sorgho sucr\u00e9 : une alternative intelligente face au climat au sucre de betterave pour la Suisse par Bruno Graf Au vue de la crise climatique actuelle et des changements \u00e0 tendance exponentielle qui se profilent, il serait important de pouvoir mettre en place une fili\u00e8re alternative de production de sucre locale. En effet dans le cas du canton de Vaud selon la pr\u00e9sentation de la HES-SO Valais du 22 mars \u00e0 l\u2019Impact Hub Lausanne, un taux d\u2019autosuffisance de 125% existerait pour le sucre de betterave (potentiel de remplacement des surfaces allou\u00e9es \u00e0 la betterave sucri\u00e8re). Malgr\u00e9 d\u2019autres m\u00e9thodes de calcul et de chiffrement (prometerre 2023) il serait \u00e0 mon avis judicieux de pouvoir obtenir une source de production alternative au travers du sorgho sucrier pour les sites de grandes cultures d\u00e9j\u00e0 actuellement adapt\u00e9s \u00e0 cette culture (la C\u00f4te) au vue du d\u00e9ficit hydrique r\u00e9p\u00e9t\u00e9s de&hellip;<\/p>\n<p> <a class=\"more-link\" href=\"https:\/\/www.swissfoodecosystems.ch\/fr\/a-propos-13\/\">Read more<\/a><\/p>\n","protected":false},"author":11,"featured_media":32178,"parent":0,"menu_order":0,"comment_status":"closed","ping_status":"closed","template":"","meta":{"footnotes":""},"class_list":["post-37355","page","type-page","status-publish","has-post-thumbnail"],"_links":{"self":[{"href":"https:\/\/www.swissfoodecosystems.ch\/fr\/wp-json\/wp\/v2\/pages\/37355","targetHints":{"allow":["GET"]}}],"collection":[{"href":"https:\/\/www.swissfoodecosystems.ch\/fr\/wp-json\/wp\/v2\/pages"}],"about":[{"href":"https:\/\/www.swissfoodecosystems.ch\/fr\/wp-json\/wp\/v2\/types\/page"}],"author":[{"embeddable":true,"href":"https:\/\/www.swissfoodecosystems.ch\/fr\/wp-json\/wp\/v2\/users\/11"}],"replies":[{"embeddable":true,"href":"https:\/\/www.swissfoodecosystems.ch\/fr\/wp-json\/wp\/v2\/comments?post=37355"}],"version-history":[{"count":4,"href":"https:\/\/www.swissfoodecosystems.ch\/fr\/wp-json\/wp\/v2\/pages\/37355\/revisions"}],"predecessor-version":[{"id":37611,"href":"https:\/\/www.swissfoodecosystems.ch\/fr\/wp-json\/wp\/v2\/pages\/37355\/revisions\/37611"}],"wp:featuredmedia":[{"embeddable":true,"href":"https:\/\/www.swissfoodecosystems.ch\/fr\/wp-json\/wp\/v2\/media\/32178"}],"wp:attachment":[{"href":"https:\/\/www.swissfoodecosystems.ch\/fr\/wp-json\/wp\/v2\/media?parent=37355"}],"curies":[{"name":"wp","href":"https:\/\/api.w.org\/{rel}","templated":true}]}}